{"id":1329,"date":"2016-11-27T21:21:47","date_gmt":"2016-11-27T18:21:47","guid":{"rendered":"http:\/\/www.duygusalarinma.com\/tr\/?page_id=1329"},"modified":"2017-01-10T13:59:18","modified_gmt":"2017-01-10T10:59:18","slug":"sizden-gelenler","status":"publish","type":"page","link":"https:\/\/www.duygusalarinma.com\/tr\/sizden-gelenler","title":{"rendered":"Kat\u0131l\u0131mc\u0131 ve Okurlardan Gelenler"},"content":{"rendered":"<div id=\"cs-content\" class=\"cs-content\"><\/div>\n","protected":false},"excerpt":{"rendered":"","protected":false},"author":4,"featured_media":0,"parent":0,"menu_order":0,"comment_status":"closed","ping_status":"closed","template":"","meta":{"_monsterinsights_skip_tracking":false,"_monsterinsights_sitenote_active":false,"_monsterinsights_sitenote_note":"","_monsterinsights_sitenote_category":0,"footnotes":""},"class_list":["post-1329","page","type-page","status-publish","hentry","no-post-thumbnail"],"aioseo_notices":[],"_links":{"self":[{"href":"https:\/\/www.duygusalarinma.com\/tr\/wp-json\/wp\/v2\/pages\/1329","targetHints":{"allow":["GET"]}}],"collection":[{"href":"https:\/\/www.duygusalarinma.com\/tr\/wp-json\/wp\/v2\/pages"}],"about":[{"href":"https:\/\/www.duygusalarinma.com\/tr\/wp-json\/wp\/v2\/types\/page"}],"author":[{"embeddable":true,"href":"https:\/\/www.duygusalarinma.com\/tr\/wp-json\/wp\/v2\/users\/4"}],"replies":[{"embeddable":true,"href":"https:\/\/www.duygusalarinma.com\/tr\/wp-json\/wp\/v2\/comments?post=1329"}],"version-history":[{"count":26,"href":"https:\/\/www.duygusalarinma.com\/tr\/wp-json\/wp\/v2\/pages\/1329\/revisions"}],"predecessor-version":[{"id":1476,"href":"https:\/\/www.duygusalarinma.com\/tr\/wp-json\/wp\/v2\/pages\/1329\/revisions\/1476"}],"wp:attachment":[{"href":"https:\/\/www.duygusalarinma.com\/tr\/wp-json\/wp\/v2\/media?parent=1329"}],"curies":[{"name":"wp","href":"https:\/\/api.w.org\/{rel}","templated":true}]}}