{"id":14,"date":"2011-08-27T09:06:27","date_gmt":"2011-08-27T06:06:27","guid":{"rendered":"http:\/\/www.kapkare.com\/duygusalarinma\/?page_id=14"},"modified":"2025-12-21T16:31:47","modified_gmt":"2025-12-21T13:31:47","slug":"kitap","status":"publish","type":"page","link":"https:\/\/www.duygusalarinma.com\/tr\/kitap","title":{"rendered":"Kitaplar"},"content":{"rendered":"<div id=\"cs-content\" class=\"cs-content\"><div id=\"x-section-1\" class=\"x-section section-kitap\" style=\"margin: 0px -40px;padding: 25px 0px; background-color: transparent;\" ><div id=\"\" class=\"x-container max width\" style=\"margin: 0px auto;padding: 0px;\" ><div  class=\"x-column x-sm x-1-2\" style=\"padding: 0px;\" ><div  class=\"x-promo\" ><div class=\"x-promo-image-wrap\"><img decoding=\"async\" src=\"https:\/\/www.duygusalarinma.com\/tr\/wp-content\/uploads\/Manolyalarin-Actigi-Cumartesi-Kitap-ipek-cihan-bilgin.jpg\" \/><\/div><div class=\"x-promo-content\">\n<h4 style=\"text-align: center;\">Manolyalar\u0131n A\u00e7t\u0131\u011f\u0131 Cumartesi<\/h4>\n<p style=\"text-align: center;\"><strong>Yazan : \u0130pek Cihan Bilgin<\/strong><\/p>\n<p style=\"text-align: center;\"><a href=\"https:\/\/www.kitapyurdu.com\/kitap\/manolyalarin-actigi-cumartesi-\/737100.html&amp;filter_name=manolyalar%C4%B1n+a%C3%A7t%C4%B1%C4%9F%C4%B1+cumartesi&amp;s_token=93ec723f2310cee9f22a2fbaf57fefab904abcfab12abb16c90979621f46fdf6&amp;s_time=1765369957\" target=\"_blank\" rel=\"noopener\">Sat\u0131n Al \u2013 KitapYurdu<\/a><\/p>\n<p>Bebek\u2019in pembe, beyaz, zarif \u00e7i\u00e7ekler a\u00e7an Manolya a\u011fa\u00e7lar\u0131\u2026 Bo\u011faz\u2019\u0131n ihti\u015faml\u0131 ve b\u00fcy\u00fcleyici \u0131\u015f\u0131lt\u0131s\u0131\u2026 \u0130stanbul\u2019un bu g\u00fczel semtinde ya\u015fayan kalbi k\u0131r\u0131k gen\u00e7 bir kad\u0131n. Buket\u2026Buket\u2019in hayat\u0131 kusursuz g\u00f6r\u00fcn\u00fcr: iyi bir i\u015f, g\u00fczel bir ev, sevgi dolu aile ve dostluklar\u2026<br \/>\nAma kalbinin derinlerinde hep a\u00e7\u0131klayamad\u0131\u011f\u0131 bir bo\u015fluk, bir yara vard\u0131r. A\u015fk hayat\u0131 hep ba\u015far\u0131s\u0131zl\u0131kla ve hayal k\u0131r\u0131kl\u0131\u011f\u0131yla sona ermektedir. <br \/>\nBir ak\u015fam sahilde tan\u0131k oldu\u011fu romantik bir d\u00fc\u011f\u00fcn, dinledi\u011fi bir \u015fark\u0131 bu sessiz yaray\u0131 kanat\u0131r ve onu bamba\u015fka bir yolculu\u011fa \u00e7a\u011f\u0131r\u0131r. <br \/>\nGer\u00e7ek a\u015fk\u0131 bulma ve ya\u015fama karar\u0131yla \u00e7\u0131kt\u0131\u011f\u0131 bu i\u00e7sel ke\u015fif, ge\u00e7mi\u015f ili\u015fkilerin \u00f6tesine uzan\u0131r; r\u00fcyalar, ge\u00e7mi\u015f ya\u015famlar ve gizli an\u0131lar birbirine kar\u0131\u015f\u0131r.Buket, \u00e7\u0131kt\u0131\u011f\u0131 bu d\u00f6n\u00fc\u015f\u00fcm yolculu\u011fu i\u00e7in bir uzmandan destek al\u0131r ve her Cumartesi gitti\u011fi seanslarda insan\u0131, ili\u015fkileri, ya\u015fam\u0131, \u00c7ekim G\u00fcc\u00fc Yasas\u0131\u2019n\u0131, ge\u00e7mi\u015f ya\u015famlar\u0131 anlamaya, \u00f6\u011frenmeye ve sadece ili\u015fkilerini de\u011fil t\u00fcm ya\u015fam\u0131n\u0131 \u015fifaland\u0131rmaya ba\u015flar. <br \/>\nVe bu seanslar\u0131n sonunda Buket\u2019in \u00f6\u011frenece\u011fi \u015fey, ola\u011fand\u0131\u015f\u0131, bamba\u015fka bir ger\u00e7e\u011fi de ortaya \u00e7\u0131karacakt\u0131r.<br \/>\n\u201cManolyalar\u0131n A\u00e7t\u0131\u011f\u0131 Cumartesi\u201d, Buket\u2019in hayat\u0131yla birlikte okurlar\u0131, ya\u015fam\u0131, ili\u015fkileri ve kendi benliklerini anlamaya ve ayd\u0131nlanmaya g\u00f6t\u00fcren; k\u00e2h g\u00fcld\u00fcr\u00fcp, k\u00e2h h\u00fcz\u00fcnlendiren bir a\u015fk ve d\u00f6n\u00fc\u015f\u00fcm roman\u0131.<\/p>\n<\/div><\/div><div  class=\"x-promo\" ><div class=\"x-promo-image-wrap\"><img decoding=\"async\" src=\"https:\/\/www.duygusalarinma.com\/tr\/wp-content\/uploads\/Mucize-kitap-ipek-cihan-bilgin.jpg\" \/><\/div><div class=\"x-promo-content\">\n<h4 style=\"text-align: center;\">MUC\u0130ZE<\/h4>\n<p style=\"text-align: center;\">Ya\u015fam\u0131 mucizevi \u015fekilde<br \/>\nde\u011fi\u015fenlerin ger\u00e7ek \u00f6yk\u00fcleri<\/p>\n<p style=\"text-align: center;\"><strong>Yazan : \u0130pek Cihan Bilgin<\/strong><\/p>\n<p style=\"text-align: center;\"><a href=\"http:\/\/www.epsilonyayinevi.com\/kitap\/mucize.html\" target=\"_blank\">Sat\u0131n Al \u2013 Epsilon Yay\u0131nevi<\/a><\/p>\n<p>Yery\u00fcz\u00fc\u2019nde bir ki\u015fi bile ya\u015fam\u0131n\u0131 de\u011fi\u015ftirebiliyorsa, mucizeleri ya\u015fayabiliyorsa, herkes de\u011fi\u015ftirebilir ve ya\u015fam\u0131nda mucizeleri deneyimleyebilir demektir\u2026 \u00d6nemli olan bunun anahtar\u0131n\u0131 bilmektir.<\/p>\n<p>\u201cMucize\u201d ya\u015fam\u0131n\u0131 harika bir \u015fekle getiren ve ya\u015famlar\u0131n\u0131n her alan\u0131nda mucizeler ya\u015fayan, hayatlar\u0131nda s\u0131k\u0131nt\u0131lardan ayd\u0131nl\u0131\u011fa \u00e7\u0131kan, sa\u011fl\u0131\u011fa, bolluk berekete, a\u015fka, sevgiye, mutlulu\u011fa, huzura, ne\u015feye kavu\u015fan insanlar\u0131n ger\u00e7ek \u00f6yk\u00fclerini ve bunu nas\u0131l yapt\u0131klar\u0131n\u0131 anlat\u0131yor\u2026<\/p>\n<p>Nas\u0131l m\u0131 yapt\u0131lar? Cevab\u0131 bu kitapta bulabilirsiniz\u2026<\/div><\/div><div  class=\"x-promo\" ><div class=\"x-promo-image-wrap\"><img decoding=\"async\" src=\"https:\/\/www.duygusalarinma.com\/tr\/wp-content\/uploads\/icimizdeki-Kapilari-Acmak-gorseli-1.jpg\" \/><\/div><div class=\"x-promo-content\">\n<h4 style=\"text-align: center;\">\u0130\u00c7\u0130M\u0130ZDEK\u0130 KAPILARI A\u00c7MAK<\/h4>\n<p style=\"text-align: center;\">Yazan: Eileen Caddy<br \/>\n\u00c7eviren: \u0130pek Cihan Bilgin<\/p>\n<p>Findhorn\u2019un kurucular\u0131ndan olan Eileen Caddy\u2019nin ilk olarak i\u00e7indeki o sakin, huzurlu i\u00e7 sesten ki\u015fisel mesajlar almaya ba\u015flamas\u0131ndan bu yana k\u0131rk y\u0131ldan fazla bir zaman ge\u00e7mi\u015ftir. Y\u0131l\u0131n 365 g\u00fcn\u00fc i\u00e7in haz\u0131rlanan bu g\u00fcnl\u00fck, Eileen Caddy\u2019nin ilham veren k\u0131sa mesajlar\u0131ndan se\u00e7ilerek olu\u015fturulmu\u015ftur.<\/p>\n<p>Bu yal\u0131n \u00f6\u011freti, ba\u015fkalar\u0131n\u0131n da inan\u00e7, doyum ve i\u00e7 huzuru bulmalar\u0131na yard\u0131mc\u0131 olma umudu ile sunulmu\u015ftur. Her g\u00fcn bir s\u00f6z okuyun, ya\u015fam\u0131n\u0131zda ger\u00e7ek huzuru, mutlulu\u011fu ve tatmini bulun.<\/div><\/div><\/div><div  class=\"x-column x-sm x-1-2\" style=\"padding: 0px;\" ><div  class=\"x-promo\" ><div class=\"x-promo-image-wrap\"><img decoding=\"async\" src=\"https:\/\/www.duygusalarinma.com\/tr\/wp-content\/uploads\/Altin-Anahtarlar-Kitap-Ipek-Cihan-Bilgin.png\" \/><\/div><div class=\"x-promo-content\">\n<h4 style=\"text-align: center;\">ALTIN ANAHTARLAR<\/h4>\n<p style=\"text-align: center;\">Ya\u015famdaki sorunlar\u0131n\u0131<br \/>\n\u0131\u015f\u0131k ve sevgiyle \u00e7\u00f6zmek isteyenlere&#8230;<\/p>\n<p style=\"text-align: center;\"><strong>Yazan : \u0130pek Cihan Bilgin<\/strong><\/p>\n<p style=\"text-align: center;\"><a href=\"http:\/\/www.epsilonyayinevi.com\/kitap\/altin-anahtarlar.html\" target=\"_blank\">Sat\u0131n Al \u2013 Epsilon Yay\u0131nevi<\/a><\/p>\n<p>Hayat\u0131n i\u00e7indeki olaylarda, sorun ve s\u0131k\u0131nt\u0131larda, asl\u0131nda daima bir \u00e7\u0131k\u0131\u015f ve \u00e7\u00f6z\u00fcm vard\u0131r\u2026 Bir olaydan feraha, ayd\u0131nl\u0131\u011fa \u00e7\u0131kmak i\u00e7in de anahtar daima \u201c\u0131\u015f\u0131k ve sevgi\u201ddir. Bir ki\u015fi ya\u015fam\u0131ndaki olaylarla ilgili \u00e7\u00f6z\u00fcm\u00fc bulmak istiyorsa, bu \u00e7\u00f6z\u00fcm i\u00e7in anahtar olacak temay\u0131 hat\u0131rlarsa ve onu ya\u015fam\u0131na uygularsa, o zaman o olaylardan, s\u0131k\u0131nt\u0131 ve sorunlardan ar\u0131nabilir, kurtulabilir, mutlulu\u011fa, ne\u015feye, sa\u011fl\u0131\u011fa, huzura ve bolluk berekete kavu\u015fabilir&#8230;<\/p>\n<p>Bu kitap, sizlerin sorunlardan ayd\u0131nl\u0131\u011fa, huzura, ne\u015feye, mutlulu\u011fa kavu\u015fman\u0131z i\u00e7in gereken anahtar s\u00f6zc\u00fckleri, a\u00e7\u0131klamalar\u0131yla birlikte sunuyor\u2026 Sizler bu \u201cAlt\u0131n Anahtarlar\u201dla ya\u015fam\u0131n\u0131z\u0131 de\u011fi\u015ftirebilir, d\u00fczeltebilir, arzu etti\u011finiz t\u00fcm g\u00fczelliklere kavu\u015fabilirsiniz.<br \/>\n\u0130\u015fte ya\u015fam\u0131n \u201cAlt\u0131n Anahtarlar\u0131\u201d\u2026<\/div><\/div><div  class=\"x-promo\" ><div class=\"x-promo-image-wrap\"><img decoding=\"async\" src=\"https:\/\/www.duygusalarinma.com\/tr\/wp-content\/uploads\/OYSA-ISIK-HEP-VARDIR.jpg\" \/><\/div><div class=\"x-promo-content\">\n<h4 style=\"text-align: center;\">OYSA I\u015eIK HEP VARDIR<\/h4>\n<p style=\"text-align: center;\">Yery\u00fcz\u00fc\u2019n\u00fcn Alt\u0131n \u00c7a\u011f\u0131<\/p>\n<p style=\"text-align: center;\"><strong>Yazan : \u0130pek Cihan Bilgin<\/strong><\/p>\n<p style=\"text-align: center;\"><a href=\"http:\/\/www.epsilonyayinevi.com\/kitap\/oysa-isik-hep-vardir.html\" target=\"_blank\">Sat\u0131n Al \u2013 Epsilon Yay\u0131nevi<\/a><\/p>\n<p>Bu kitap ya\u015fam\u0131nda sevgi, ne\u015fe, huzur, bolluk ve bereket, sa\u011fl\u0131k, g\u00fczellikler ya\u015famak ve ya\u015fatmak isteyenler i\u00e7indir\u2026<\/p>\n<p>Sizler e\u011fer ya\u015fam\u0131n\u0131zda \u0131\u015f\u0131\u011f\u0131n\u0131z\u0131 y\u00fckseltmek, bu \u0131\u015f\u0131\u011f\u0131 hem kendi hayat\u0131n\u0131za hem de Yery\u00fcz\u00fc\u2019ne yaymak istiyorsan\u0131z bu kitap bunun i\u00e7in size yol g\u00f6sterecektir\u2026<\/p>\n<p>Bizler Yery\u00fcz\u00fc\u2019nde hep birlikte Yery\u00fcz\u00fc\u2019n\u00fc Yarat\u0131c\u0131 Kaynak Tanr\u0131\u2019n\u0131n sevgisine ve \u0131\u015f\u0131\u011f\u0131na y\u00fckseltmek i\u00e7in bulunmaktay\u0131z ve i\u015fte bu kitap da bununla ilgili t\u00fcm bilgileri size aktarmaktad\u0131r.<\/p>\n<p>E\u011fer Yery\u00fcz\u00fc\u2019ne neden geldi\u011finizi, buradaki ya\u015fam\u0131n\u0131z\u0131n amac\u0131n\u0131 bilmek istiyorsan\u0131z, bunun cevab\u0131n\u0131 da bu kitaptan alabileceksiniz.<\/p>\n<p>D\u00fcnya cennet gibi yarat\u0131lm\u0131\u015f bir yer\u2026 Yarat\u0131c\u0131 Kaynak Tanr\u0131\u2019n\u0131n bize arma\u011fan\u0131\u2026 Bizler burada cennet gibi hayatlara sahip olabilir ve sevgiye olan se\u00e7imlerimizle ya\u015famlar\u0131m\u0131z\u0131 p\u0131r\u0131l p\u0131r\u0131l, harika ya\u015famlar haline getirebiliriz.<\/p>\n<p>Ve bizler bunu yapt\u0131\u011f\u0131m\u0131zda D\u00fcnya, en g\u00fczel evresi olan Alt\u0131n \u00c7a\u011f\u2019\u0131na ge\u00e7ecek\u2026<\/div><\/div><div  class=\"x-promo\" ><div class=\"x-promo-image-wrap\"><img decoding=\"async\" src=\"https:\/\/www.duygusalarinma.com\/tr\/wp-content\/uploads\/Tanri-Bana-Dedi-Ki-gorseli.jpg\" \/><\/div><div class=\"x-promo-content\">\n<h4 style=\"text-align: center;\">TANRI BANA DED\u0130 K\u0130<\/h4>\n<p style=\"text-align: center;\">Yazan: Eileen Caddy<br \/>\n\u00c7eviren: \u0130pek Cihan Bilgin<\/p>\n<p>\u201cYa\u015fam \u00e7ok sadedir. Onu \u00f6ylece koru. Hi\u00e7bir \u015feyin seni a\u011f\u0131rla\u015ft\u0131r\u0131p a\u015fa\u011f\u0131 \u00e7ekmesine ya da sana s\u0131k\u0131nt\u0131 vermesine izin verme. Her \u015fey gayet iyidir. T\u00fcm\u00fcyle \u015fimdide ya\u015fa.<br \/>\nBir sonraki g\u00fcn\u00fc d\u00fc\u015f\u00fcnme. \u015eu anda olan\u0131n t\u00fcm\u00fcyle keyfini \u00e7\u0131kar.\u201d<br \/>\nBu kitaptaki mesajlar, bizim ya\u015fam s\u00fcrecinde mutlak inanc\u0131m\u0131z\u0131n olmas\u0131n\u0131; Tanr\u0131\u2019ya, evrene, ruha, sevgiye ya da o ilahi kayna\u011f\u0131 nas\u0131l isimlendirmek istersek ona inanmam\u0131z\u0131 bizden ister. Bu mesajlar, her \u015feyde i\u00e7sel bir bilgelik ve zeka oldu\u011funu ve i\u00e7e d\u00f6nerek o bilgelik ve zeka ile ba\u011flant\u0131 kurulabilece\u011fini do\u011frularlar. Bunu her birimiz yapabilir ve Tanr\u0131\u2019n\u0131n bizim i\u00e7in olan sakin ve derinden gelen sesini bulabiliriz.<\/div><\/div><\/div><\/div><\/div><\/div>\n","protected":false},"excerpt":{"rendered":"","protected":false},"author":1,"featured_media":0,"parent":0,"menu_order":5,"comment_status":"closed","ping_status":"open","template":"","meta":{"_monsterinsights_skip_tracking":false,"_monsterinsights_sitenote_active":false,"_monsterinsights_sitenote_note":"","_monsterinsights_sitenote_category":0,"footnotes":""},"class_list":["post-14","page","type-page","status-publish","hentry","no-post-thumbnail"],"aioseo_notices":[],"_links":{"self":[{"href":"https:\/\/www.duygusalarinma.com\/tr\/wp-json\/wp\/v2\/pages\/14","targetHints":{"allow":["GET"]}}],"collection":[{"href":"https:\/\/www.duygusalarinma.com\/tr\/wp-json\/wp\/v2\/pages"}],"about":[{"href":"https:\/\/www.duygusalarinma.com\/tr\/wp-json\/wp\/v2\/types\/page"}],"author":[{"embeddable":true,"href":"https:\/\/www.duygusalarinma.com\/tr\/wp-json\/wp\/v2\/users\/1"}],"replies":[{"embeddable":true,"href":"https:\/\/www.duygusalarinma.com\/tr\/wp-json\/wp\/v2\/comments?post=14"}],"version-history":[{"count":98,"href":"https:\/\/www.duygusalarinma.com\/tr\/wp-json\/wp\/v2\/pages\/14\/revisions"}],"predecessor-version":[{"id":2115,"href":"https:\/\/www.duygusalarinma.com\/tr\/wp-json\/wp\/v2\/pages\/14\/revisions\/2115"}],"wp:attachment":[{"href":"https:\/\/www.duygusalarinma.com\/tr\/wp-json\/wp\/v2\/media?parent=14"}],"curies":[{"name":"wp","href":"https:\/\/api.w.org\/{rel}","templated":true}]}}