{"id":172,"date":"2012-03-22T20:30:25","date_gmt":"2012-03-22T17:30:25","guid":{"rendered":"http:\/\/www.kapkare.com\/duygusalarinma\/tr\/?page_id=172"},"modified":"2016-11-30T05:29:10","modified_gmt":"2016-11-30T02:29:10","slug":"basmelek-rafael-enerjisi","status":"publish","type":"page","link":"https:\/\/www.duygusalarinma.com\/tr\/basmelek-rafael-enerjisi","title":{"rendered":"Ba\u015fmelek Rafael Enerjisi"},"content":{"rendered":"<p><img loading=\"lazy\" decoding=\"async\" class=\"imgfloat\" style=\"border: 1px solid black;\" src=\"https:\/\/www.duygusalarinma.com\/tr\/wp-content\/uploads\/2012\/04\/Archangel-Raphael.jpg\" alt=\"basmelek-Rafael\" width=\"150\" height=\"221\" \/><\/p>\n<h4>Ba\u015fmelek Rafael<\/h4>\n<p>Ba\u015fmelek Rafael (Raphael veya \u0130srafil) Allah\u2019\u0131n d\u00f6rt ba\u015fmele\u011finden biridir.\u00a0 Hiyerar\u015fik olarak 3. ba\u015fmelek olarak s\u0131ralanabilir. Bu hiyerar\u015fi bizim insanca anlayabilece\u011fimiz bir hiyerar\u015fi gibi de\u011fildir. Ba\u015fmeleklerdeki hiyerar\u015fi, g\u00f6revleri ve sorumluluk alanlar\u0131yla ilgilidir.<\/p>\n<p>Ba\u015fmelek Rafael\u2019in ismi kutsal kitaplarda da yer alm\u0131\u015ft\u0131r.<\/p>\n<p>Raphael ismi, \u201c Tanr\u0131 \u015eifaland\u0131r\u0131r\u201d anlam\u0131na gelmektedir.<\/p>\n<p>Kutsal kitaplarda Ba\u015fmelek Rafael\u2019le ilgili \u201csur borusu\u201dnu \u00fcflemekle ilgili b\u00f6l\u00fcmler de ge\u00e7er. Resimlerde genellikle elinde sembolik olarak sur borusu \u00fcfleyen melek \u015feklinde \u00e7izilmi\u015ftir.<\/p>\n<p>Yery\u00fcz\u00fcn\u00fcn finaline, Alt\u0131n \u00c7a\u011f\u2019a yakla\u015ft\u0131\u011f\u0131m\u0131z bu d\u00f6nemde ise Ba\u015fmelek Rafael\u2019in yery\u00fcz\u00fcne indirilmi\u015f olan frekans\u0131n\u0131n insanlara huzur ve bar\u0131\u015f getiren enerji oldu\u011fu bilinmektedir.<\/p>\n<p>Enerjisi \u00e7ok parlak pembe \u0131\u015f\u0131k olarak alg\u0131lanabilir.<\/p>\n<p>Ba\u015fmelek Rafael\u2019in Enerjisi insana huzur veren, bar\u0131\u015f ve huzur hissettiren \u00e7ok g\u00fc\u00e7l\u00fc bir enerjidir.<\/p>\n<p>Yard\u0131ma \u00e7a\u011fr\u0131lan her an yard\u0131ma sevgiyle gelir ve enerjisiyle ki\u015filere huzur verir ve \u015fifaland\u0131r\u0131r.<\/p>\n<p>Ba\u015fmelek Rafael\u2019in ad\u0131 ve enerjisi t\u00fcm ba\u015fmeleklerin oldu\u011fu gibi Allah\u2019\u0131n saf sevgisidir.<\/p>\n<h4>Ba\u015fmelek Rafael Enerjisi<\/h4>\n<p>Ba\u015fmelek Rafael Enerjisi\u2019ne uyumlanmaya niyet eden herkes uyumlanabilir.<\/p>\n<p>Uyumlamay\u0131 alan ki\u015fi kendi \u00fczerinde enerjiyi niyetle kullanabilecektir.<\/p>\n<p>Ba\u015fmelek Rafael Enerjisi\u2019ne uyumlanmak ve kullanmak i\u00e7in, t\u00fcm di\u011fer Ba\u015fmelek Enerji\u2019lerinde oldu\u011fu gibi samimiyet ve saf niyet \u00f6nemlidir.<\/p>\n<p><img loading=\"lazy\" decoding=\"async\" class=\"imgfloatr\" style=\"border: 1px solid black;\" src=\"https:\/\/www.duygusalarinma.com\/tr\/wp-content\/uploads\/2012\/04\/Archangel-Raphael2.jpg\" alt=\"basmelek-Rafael\" width=\"265\" height=\"245\" \/><\/p>\n<p>Uyumlanma niyetini de enerjiyi kullanma niyetini de saf bir \u015fekilde, sevgiyle ve samimiyetle yapman\u0131z \u00f6nerilir.<\/p>\n<p>\u201cMelek Rafael Enerjisi bana aks\u0131n. Te\u015fekk\u00fcr ederim. \u201c demek yeterlidir.<\/p>\n<p>Ba\u015fmelek Rafael Enerjisi\u2019ni kullanmak i\u00e7in \u00f6ncelikle ki\u015finin kendisine Ba\u015fmelek Mikail Enerjisi vermesi ve ard\u0131ndan Ba\u015fmelek Rafael Enerjisi vermesi \u00f6nerilir.<\/p>\n<p>\u201cMelek Mikail Enerjisi bana aks\u0131n. Te\u015fekk\u00fcrler\u201d dedikten sonra<br \/>\n\u201cMelek Rafael Enerjisi bana aks\u0131n. Te\u015fekk\u00fcrler\u201d diyebilirsiniz.<\/p>\n<h4>Ba\u015fmelek Rafael Enerjisi\u2019ni ba\u015fkas\u0131na g\u00f6nderecekseniz:<\/h4>\n<p>Ba\u015fkas\u0131na Ba\u015fmelek Rafael Enerjisini a\u015fa\u011f\u0131daki \u015fekilde, \u00f6nce Ba\u015fmelek Mikail Enerjisi\u2019ni sonra ard\u0131ndan da Ba\u015fmelek Rafael Enerjisi\u2019ni g\u00f6nderme niyeti yaparak g\u00f6nderebilirsiniz.<\/p>\n<p>\u201cMelek Mikail Enerjisi&#8230;&#8230;&#8230;&#8230;&#8230;.. (ki\u015finin ismi)\u2019ye aks\u0131n. Te\u015fekk\u00fcrler.\u201d<\/p>\n<p>(G\u00f6nderilecek ki\u015finin izninin al\u0131nmas\u0131 \u00f6nemlidir. Ya da Y\u00fcksekbenli\u011finin izniyle g\u00f6nderilebilir.)<\/p>\n<p>ard\u0131ndan:<\/p>\n<p>\u201cMelek Rafael Enerjisi&#8230;&#8230;&#8230;&#8230;..(ki\u015finin ismi)\u2019ye aks\u0131n. Te\u015fekk\u00fcrler.\u201d<\/p>\n<p>(G\u00f6nderilecek ki\u015finin izninin al\u0131nmas\u0131 \u00f6nemlidir. Ya da Y\u00fcksekbenli\u011finin izniyle g\u00f6nderilebilir.)<\/p>\n<h4>Ba\u015fmelek Rafael Enerjisi\u2019ne Uyumlanmak \u0130\u00e7in:<\/h4>\n<p>Ba\u015fmelek Rafael Enerjisi\u2019ne sadece niyetle uyumlanabilirsiniz.<br \/>\nUyumlanmak i\u00e7in l\u00fctfen dikkatle okuyun:<br \/>\n1) Sakin sessiz bir yerde, uzanarak ya da oturarak uyumlanabilirsiniz.<br \/>\n2) \u00dczerinizde metal tak\u0131 ya da saat olmamas\u0131 uygundur.<br \/>\n3) Bacaklar\u0131n\u0131z ya da kollar\u0131n\u0131z uyumlama s\u0131ras\u0131nda \u00e7apraz olmas\u0131n,<br \/>\nenerjinin rahat akmas\u0131 a\u00e7\u0131s\u0131ndan.<br \/>\n4) \u201cNiyetim Tanr\u0131\u2019ya (Niyetim Allah\u2019a)<br \/>\nMelek Rafael Enerjisi\u2019ne uyumlanmaya niyet ediyorum\u201d diyerek<br \/>\nuyumlanabilirsiniz. (Yukar\u0131daki niyeti tam olarak s\u00f6ylemeniz<br \/>\n\u00f6nemlidir)<br \/>\n6) \u201cAllah\u2019a (Tanr\u0131\u2019ya) te\u015fekk\u00fcr ediyorum, Ba\u015fMelek Rafael\u2019e te\u015fekk\u00fcr<br \/>\nediyorum.\u201d diyerek uyumlamay\u0131 bitirebilirsiniz.<\/p>\n<p>I\u015f\u0131\u011f\u0131n\u0131z\u0131n y\u00fckselmesi, sevginizin b\u00fcy\u00fcmesi dile\u011fiyle,<br \/>\nSevgiyle,<br \/>\n\u0130pek Cihan Bilgin<\/p>\n","protected":false},"excerpt":{"rendered":"<p>Ba\u015fmelek Rafael Ba\u015fmelek Rafael (Raphael veya \u0130srafil) Allah\u2019\u0131n d\u00f6rt ba\u015fmele\u011finden biridir.\u00a0 Hiyerar\u015fik olarak 3. ba\u015fmelek olarak s\u0131ralanabilir. Bu hiyerar\u015fi bizim insanca anlayabilece\u011fimiz bir hiyerar\u015fi gibi de\u011fildir. Ba\u015fmeleklerdeki hiyerar\u015fi, g\u00f6revleri ve sorumluluk alanlar\u0131yla ilgilidir. Ba\u015fmelek Rafael\u2019in ismi kutsal kitaplarda da yer alm\u0131\u015ft\u0131r. Raphael ismi, \u201c Tanr\u0131 \u015eifaland\u0131r\u0131r\u201d anlam\u0131na gelmektedir. Kutsal kitaplarda Ba\u015fmelek Rafael\u2019le ilgili \u201csur borusu\u201dnu \u00fcflemekle ilgili b\u00f6l\u00fcmler de ge\u00e7er. &#8230; <\/p>\n<div><a href=\"https:\/\/www.duygusalarinma.com\/tr\/basmelek-rafael-enerjisi\" class=\"more-link\">Read More<\/a><\/div>\n","protected":false},"author":1,"featured_media":0,"parent":0,"menu_order":0,"comment_status":"closed","ping_status":"open","template":"","meta":{"_monsterinsights_skip_tracking":false,"_monsterinsights_sitenote_active":false,"_monsterinsights_sitenote_note":"","_monsterinsights_sitenote_category":0,"footnotes":""},"class_list":["post-172","page","type-page","status-publish","hentry","no-post-thumbnail"],"aioseo_notices":[],"_links":{"self":[{"href":"https:\/\/www.duygusalarinma.com\/tr\/wp-json\/wp\/v2\/pages\/172","targetHints":{"allow":["GET"]}}],"collection":[{"href":"https:\/\/www.duygusalarinma.com\/tr\/wp-json\/wp\/v2\/pages"}],"about":[{"href":"https:\/\/www.duygusalarinma.com\/tr\/wp-json\/wp\/v2\/types\/page"}],"author":[{"embeddable":true,"href":"https:\/\/www.duygusalarinma.com\/tr\/wp-json\/wp\/v2\/users\/1"}],"replies":[{"embeddable":true,"href":"https:\/\/www.duygusalarinma.com\/tr\/wp-json\/wp\/v2\/comments?post=172"}],"version-history":[{"count":23,"href":"https:\/\/www.duygusalarinma.com\/tr\/wp-json\/wp\/v2\/pages\/172\/revisions"}],"predecessor-version":[{"id":1397,"href":"https:\/\/www.duygusalarinma.com\/tr\/wp-json\/wp\/v2\/pages\/172\/revisions\/1397"}],"wp:attachment":[{"href":"https:\/\/www.duygusalarinma.com\/tr\/wp-json\/wp\/v2\/media?parent=172"}],"curies":[{"name":"wp","href":"https:\/\/api.w.org\/{rel}","templated":true}]}}