{"id":1731,"date":"2018-09-09T14:46:35","date_gmt":"2018-09-09T11:46:35","guid":{"rendered":"http:\/\/www.duygusalarinma.com\/tr\/?page_id=1731"},"modified":"2022-06-15T18:18:18","modified_gmt":"2022-06-15T15:18:18","slug":"goksel-yasam-carki-calismasi","status":"publish","type":"page","link":"https:\/\/www.duygusalarinma.com\/tr\/goksel-yasam-carki-calismasi","title":{"rendered":"G\u00f6ksel Ya\u015fam \u00c7ark\u0131 \u00c7al\u0131\u015fmas\u0131"},"content":{"rendered":"<p><img loading=\"lazy\" decoding=\"async\" class=\"alignnone  wp-image-2058\" src=\"https:\/\/www.duygusalarinma.com\/tr\/wp-content\/uploads\/Goksel-Yasam-Carki-calismasi-gorsel-300x214.jpg\" alt=\"\" width=\"376\" height=\"268\" srcset=\"https:\/\/www.duygusalarinma.com\/tr\/wp-content\/uploads\/Goksel-Yasam-Carki-calismasi-gorsel-300x214.jpg 300w, https:\/\/www.duygusalarinma.com\/tr\/wp-content\/uploads\/Goksel-Yasam-Carki-calismasi-gorsel-1024x732.jpg 1024w, https:\/\/www.duygusalarinma.com\/tr\/wp-content\/uploads\/Goksel-Yasam-Carki-calismasi-gorsel-768x549.jpg 768w, https:\/\/www.duygusalarinma.com\/tr\/wp-content\/uploads\/Goksel-Yasam-Carki-calismasi-gorsel-100x71.jpg 100w, https:\/\/www.duygusalarinma.com\/tr\/wp-content\/uploads\/Goksel-Yasam-Carki-calismasi-gorsel-1000x715.jpg 1000w, https:\/\/www.duygusalarinma.com\/tr\/wp-content\/uploads\/Goksel-Yasam-Carki-calismasi-gorsel.jpg 1125w\" sizes=\"auto, (max-width: 376px) 100vw, 376px\" \/><\/p>\n<p><strong>G\u00d6KSEL YA\u015eAM \u00c7ARKI<\/strong><\/p>\n<p><strong>&nbsp;<\/strong><\/p>\n<p><strong>G\u00f6ksel Ya\u015fam \u00c7ark\u0131 <\/strong>\u00e7al\u0131\u015fmas\u0131, k\u00f6keni Atlantis, Lemurya gibi kadim uygarl\u0131klarda da kullan\u0131lan g\u00f6ksel haritalar ve semboller gibi belli sembolik bir sisteme dayanan, ki\u015finin kendi ya\u015fam\u0131nda sahip oldu\u011fu bir soruna, ya da yol g\u00f6stericili\u011fe ihtiyac\u0131 oldu\u011fu herhangi bir konuya y\u00f6nelik olarak, ki\u015fiyi belli ipu\u00e7lar\u0131n\u0131 birbiri ard\u0131na a\u00e7arak, ad\u0131m ad\u0131m \u00e7\u00f6z\u00fcme g\u00f6t\u00fcren, i\u00e7 g\u00f6r\u00fc sa\u011flayan y\u00fcksek enerjili bir bireysel \u00e7al\u0131\u015fmad\u0131r.<\/p>\n<p>\u00c7al\u0131\u015fma soru ve cevaplardan olu\u015fur. Kat\u0131l\u0131mc\u0131 ki\u015fi hangi konuda istiyorsa \u00e7al\u0131\u015fmaya bir soruyla kat\u0131l\u0131r. Bu soru, ya\u015fam\u0131ndaki \u00e7\u00f6zmek istedi\u011fi bir soruna, hayat\u0131nda yapmak istedi\u011fi bir de\u011fi\u015fikli\u011fe, ya da ya\u015fam\u0131n\u0131n tamam\u0131na y\u00f6nelik y\u00fckseli\u015fle ilgili bir yol g\u00f6stericilik ihtiyac\u0131na y\u00f6nelik olabilir.<\/p>\n<p>\u00c7al\u0131\u015fma s\u00fcrecinde kat\u0131l\u0131mc\u0131 ki\u015fi, \u00f6n\u00fcndeki 12 b\u00f6l\u00fcmden olu\u015fan g\u00f6ksel \u00e7ark haritas\u0131 \u00fczerinde sorusuna y\u00f6nelik olarak a\u00e7\u0131lan ipu\u00e7lar\u0131yla ve cevaplarla sonuca ve \u00e7\u00f6z\u00fcme do\u011fru ad\u0131m ad\u0131m ilerler. Son k\u0131s\u0131mda da ki\u015fi kendi sorusuyla ilgili desenini tamamlar ve cevab\u0131 netlikle g\u00f6rebilir.<\/p>\n<p>Zaman insanlar i\u00e7in lineer \u00e7al\u0131\u015f\u0131rken, evrensel zaman \u201can\u201dd\u0131r. Biz ya\u015fam\u0131m\u0131zda herhangi bir de\u011fi\u015fikli\u011fi asl\u0131nda an\u2019da ger\u00e7ekle\u015ftiririz ve o de\u011fi\u015fimin iz d\u00fc\u015f\u00fcm\u00fc insani zaman kavram\u0131yla gelecekte olacak gibi g\u00f6r\u00fcn\u00fcr. Oysa her \u015fey evrensel bir k\u00fcre gibi o an\u0131n i\u00e7inde ger\u00e7ekle\u015fmektedir.<\/p>\n<p><strong>G\u00f6ksel Ya\u015fam \u00c7ark\u0131<\/strong> \u00e7al\u0131\u015fmas\u0131nda ki\u015fi kendi ya\u015fam\u0131nda \u00e7\u00f6zmek ve de\u011fi\u015ftirmek istedi\u011fi \u015feyle, kendi konusuyla ilgili cevab\u0131n\u0131 ald\u0131\u011f\u0131nda, niyetiyle de\u011fi\u015fimi de o an ba\u015flatabilir.<\/p>\n<p>\u00c7al\u0131\u015fma s\u00fcreci i\u00e7erisinde kat\u0131l\u0131mc\u0131 ki\u015fi e\u011fer isterse, sorunun \u00e7\u00f6z\u00fcld\u00fc\u011f\u00fc potansiyel gelecekteki ana da bir k\u0131sa yolculuk ger\u00e7ekle\u015ftirip, o potansiyel gelecekteki kendi konusuyla ilgili yeni durumu vizyon \u015feklinde g\u00f6rebilir veya bili\u015fle alg\u0131layabilir.<\/p>\n<p><strong>G\u00f6ksel Ya\u015fam \u00c7ark\u0131<\/strong> \u00e7al\u0131\u015fmas\u0131 ki\u015filerin kendi ya\u015famlar\u0131nda \u00e7\u00f6zmek istedikleri konularla ilgili derin bir bilgelik ve i\u00e7 g\u00f6r\u00fc kazanmalar\u0131n\u0131, ve ya\u015famlar\u0131n\u0131 kolayla\u015ft\u0131racak cevaplar\u0131 bulmalar\u0131n\u0131 sa\u011flamaya y\u00f6nelik bir ki\u015fisel geli\u015fim \u00e7al\u0131\u015fmas\u0131d\u0131r. \u00c7al\u0131\u015fma s\u00fcresi 1-1.5 saattir.<\/p>\n<p>\u00c7al\u0131\u015fmaya kat\u0131l\u0131m i\u00e7in a\u015fa\u011f\u0131daki ileti\u015fim numaralar\u0131ndan randevu alabilirsiniz.<\/p>\n<p>0532-7163895<\/p>\n<p>0216-3492227<\/p>\n","protected":false},"excerpt":{"rendered":"<p>G\u00d6KSEL YA\u015eAM \u00c7ARKI &nbsp; G\u00f6ksel Ya\u015fam \u00c7ark\u0131 \u00e7al\u0131\u015fmas\u0131, k\u00f6keni Atlantis, Lemurya gibi kadim uygarl\u0131klarda da kullan\u0131lan g\u00f6ksel haritalar ve semboller gibi belli sembolik bir sisteme dayanan, ki\u015finin kendi ya\u015fam\u0131nda sahip oldu\u011fu bir soruna, ya da yol g\u00f6stericili\u011fe ihtiyac\u0131 oldu\u011fu herhangi bir konuya y\u00f6nelik olarak, ki\u015fiyi belli ipu\u00e7lar\u0131n\u0131 birbiri ard\u0131na a\u00e7arak, ad\u0131m ad\u0131m \u00e7\u00f6z\u00fcme g\u00f6t\u00fcren, i\u00e7 g\u00f6r\u00fc sa\u011flayan y\u00fcksek enerjili bir &#8230; <\/p>\n<div><a href=\"https:\/\/www.duygusalarinma.com\/tr\/goksel-yasam-carki-calismasi\" class=\"more-link\">Read More<\/a><\/div>\n","protected":false},"author":2,"featured_media":0,"parent":0,"menu_order":0,"comment_status":"closed","ping_status":"closed","template":"","meta":{"_monsterinsights_skip_tracking":false,"_monsterinsights_sitenote_active":false,"_monsterinsights_sitenote_note":"","_monsterinsights_sitenote_category":0,"footnotes":""},"class_list":["post-1731","page","type-page","status-publish","hentry","no-post-thumbnail"],"aioseo_notices":[],"_links":{"self":[{"href":"https:\/\/www.duygusalarinma.com\/tr\/wp-json\/wp\/v2\/pages\/1731","targetHints":{"allow":["GET"]}}],"collection":[{"href":"https:\/\/www.duygusalarinma.com\/tr\/wp-json\/wp\/v2\/pages"}],"about":[{"href":"https:\/\/www.duygusalarinma.com\/tr\/wp-json\/wp\/v2\/types\/page"}],"author":[{"embeddable":true,"href":"https:\/\/www.duygusalarinma.com\/tr\/wp-json\/wp\/v2\/users\/2"}],"replies":[{"embeddable":true,"href":"https:\/\/www.duygusalarinma.com\/tr\/wp-json\/wp\/v2\/comments?post=1731"}],"version-history":[{"count":12,"href":"https:\/\/www.duygusalarinma.com\/tr\/wp-json\/wp\/v2\/pages\/1731\/revisions"}],"predecessor-version":[{"id":2074,"href":"https:\/\/www.duygusalarinma.com\/tr\/wp-json\/wp\/v2\/pages\/1731\/revisions\/2074"}],"wp:attachment":[{"href":"https:\/\/www.duygusalarinma.com\/tr\/wp-json\/wp\/v2\/media?parent=1731"}],"curies":[{"name":"wp","href":"https:\/\/api.w.org\/{rel}","templated":true}]}}