{"id":1800,"date":"2019-04-10T13:00:50","date_gmt":"2019-04-10T10:00:50","guid":{"rendered":"http:\/\/www.duygusalarinma.com\/tr\/?page_id=1800"},"modified":"2019-04-10T22:17:04","modified_gmt":"2019-04-10T19:17:04","slug":"instant-freedom-techniques-egitimi-online","status":"publish","type":"page","link":"https:\/\/www.duygusalarinma.com\/tr\/instant-freedom-techniques-egitimi-online","title":{"rendered":"Instant Freedom Techniques E\u011fitimi Online"},"content":{"rendered":"<p><img loading=\"lazy\" decoding=\"async\" class=\"alignleft wp-image-1816 size-full\" src=\"https:\/\/www.duygusalarinma.com\/tr\/wp-content\/uploads\/IFTresim2-1-1.jpg\" alt=\"\" width=\"439\" height=\"385\" srcset=\"https:\/\/www.duygusalarinma.com\/tr\/wp-content\/uploads\/IFTresim2-1-1.jpg 439w, https:\/\/www.duygusalarinma.com\/tr\/wp-content\/uploads\/IFTresim2-1-1-300x263.jpg 300w, https:\/\/www.duygusalarinma.com\/tr\/wp-content\/uploads\/IFTresim2-1-1-100x88.jpg 100w\" sizes=\"auto, (max-width: 439px) 100vw, 439px\" \/><\/p>\n<p>&nbsp;<\/p>\n<p>&nbsp;<\/p>\n<p>&nbsp;<\/p>\n<p>&nbsp;<\/p>\n<p>&nbsp;<\/p>\n<p>&nbsp;<\/p>\n<p>&nbsp;<\/p>\n<p>&nbsp;<\/p>\n<p>&nbsp;<\/p>\n<p>&nbsp;<\/p>\n<p>&nbsp;<\/p>\n<p>Instant Freedom Techniques \/ An\u0131nda Duygusal Ar\u0131nma Tekni\u011fi E\u011fitimini internet \u00fczerinden online \u015feklinde alabilirsiniz.<\/p>\n<p><strong>Instant Freedom Techniques ve Enerji bilimleri<\/strong><\/p>\n<p>Instant Freedom Techniques \/ An\u0131nda Duygusal Ar\u0131nma Tekni\u011fi E\u011fitimi\u00a0ki\u015filerin kendi duygular\u0131n\u0131 fark etmek, olumsuz olan duygular\u0131n\u0131 temizlemek ve onlar\u0131 huzura, mutlulu\u011fa, ne\u015feye, sevince g\u00f6t\u00fcrmek i\u00e7in gereken tekni\u011fi \u00f6\u011freten e\u011fitimdir.<\/p>\n<p>E\u011fitimi alan ki\u015filer bu tekni\u011fi \u00f6\u011frendikten sonra hayat boyu her olumsuz duyguyu temizlemek i\u00e7in kullanabilir ve ya\u015famlar\u0131n\u0131 huzur, ne\u015fe, sevin\u00e7, g\u00fczellikler i\u00e7inde s\u00fcrd\u00fcrebilirler\u2026<\/p>\n<p>Instant Freedom Techniques, binlerce y\u0131ld\u0131r kullan\u0131lan akupunktur, ak\u00fcpres\u00fcr, NLP gibi tekniklerden yola \u00e7\u0131k\u0131larak bulunmu\u015f ve y\u0131llard\u0131r d\u00fcnyan\u0131n pek \u00e7ok yerinde kabul g\u00f6r\u00fcp kullan\u0131lmakta olan TFT (Thought Field Thearpy) ve EFT \u2018nin (Emotional Freedom Techniques) sadele\u015ftirilmi\u015f ve daha etkin kullan\u0131labilecek \u015fekilde d\u00fczenlenmi\u015f yeni bir versiyonudur.<\/p>\n<p>B\u00fct\u00fcn tekniklerin k\u00f6keninde Enerji bilimleri yatmaktad\u0131r.<\/p>\n<p>G\u00fcn\u00fcm\u00fczde art\u0131k her \u015feyin enerji oldu\u011funu hepimiz biliyoruz. Evrende her \u015fey enerjidir. Do\u011fal olarak insan da\u2026 Bizler atomlardan molek\u00fcllerden olu\u015fuyoruz ve bizim fizik beden dedi\u011fimiz yap\u0131m\u0131z da enerjidir ve atomlardan molek\u00fcllerden olu\u015fmaktad\u0131r.<\/p>\n<p>Enerji bilimleri art\u0131k d\u00fcnyan\u0131n pek \u00e7ok yerinde kabul g\u00f6rmekte, Enerji psikolojisi gibi alanlarda incelenmektedir. D\u00fcnyan\u0131n pek \u00e7ok yerinde bu t\u00fcr seminerler, kongreler d\u00fczenlenmekte, insanl\u0131k binlerce y\u0131ld\u0131r kadim uygarl\u0131klar\u0131n bildi\u011fi teknikleri yeniden ke\u015ffetmektedir.<\/p>\n<p>Bizler bu teknikleri hayata ge\u00e7irdi\u011fimizde bu tekniklerin, ya\u015fam\u0131m\u0131z\u0131 \u00e7ok daha kolayla\u015ft\u0131rd\u0131\u011f\u0131n\u0131, stres, \u00fcz\u00fcnt\u00fc, \u00f6fke ve korkular\u0131m\u0131zdan kurtularak hayat\u0131m\u0131z\u0131n ne kadar g\u00fczel hale geldi\u011fini g\u00f6r\u00fcr\u00fcz. Bu teknikler bizlerin ya\u015fam\u0131na huzur, ne\u015fe, g\u00fczellik, mutluluk ve dolay\u0131s\u0131yla da sa\u011fl\u0131k getirir. Her t\u00fcr hastal\u0131\u011f\u0131n asl\u0131nda ki\u015finin psikolojisiyle de do\u011fru orant\u0131l\u0131 oldu\u011funu bu g\u00fcn modern t\u0131p da dile getirmektedir. \u00d6rne\u011fin kanser hastalar\u0131n\u0131n iyile\u015fmesinde moral y\u00fcksekli\u011finin ne derece \u00f6nemli oldu\u011fu bilinmektedir.<\/p>\n<p>Ki\u015filer kendi psikolojik yap\u0131lar\u0131n\u0131 sa\u011fl\u0131kl\u0131, mutlu d\u00fczeyde tuttuklar\u0131nda bu ya\u015famlar\u0131n\u0131n her aln\u0131na yans\u0131d\u0131\u011f\u0131 gibi, fiziksel sa\u011fl\u0131klar\u0131na da yans\u0131yacakt\u0131r.<\/p>\n<p>Ki\u015fi mutlu, sa\u011fl\u0131kl\u0131, huzurlu bir ya\u015fam s\u00fcrmek isterse buna yard\u0131mc\u0131 olacak pek \u00e7ok teknik vard\u0131r g\u00fcn\u00fcm\u00fczde ve i\u015fte\u00a0Instant Freedom Techniques\u00a0bu tekniklerden \u00f6nemli biridir.<\/p>\n<p>&nbsp;<\/p>\n<p><img loading=\"lazy\" decoding=\"async\" class=\"alignnone wp-image-1818 size-full\" src=\"https:\/\/www.duygusalarinma.com\/tr\/wp-content\/uploads\/IFT-resim-1.jpg\" alt=\"\" width=\"368\" height=\"238\" srcset=\"https:\/\/www.duygusalarinma.com\/tr\/wp-content\/uploads\/IFT-resim-1.jpg 368w, https:\/\/www.duygusalarinma.com\/tr\/wp-content\/uploads\/IFT-resim-1-300x194.jpg 300w, https:\/\/www.duygusalarinma.com\/tr\/wp-content\/uploads\/IFT-resim-1-100x65.jpg 100w\" sizes=\"auto, (max-width: 368px) 100vw, 368px\" \/><\/p>\n<p><strong>Instant Freedom Techniques nedir?<\/strong><\/p>\n<p>Instant Freedom Techniques \/ An\u0131nda Duygusal Ar\u0131nma Tekni\u011fi\u00a0 \u00f6fke, \u00fcz\u00fcnt\u00fc, endi\u015fe, korku gibi olumsuz duygular\u0131, fobileri, ge\u00e7mi\u015ften kalan t\u00fcm olumsuz izleri, gelece\u011fe ait endi\u015feleri ar\u0131nd\u0131rmak i\u00e7in parmak u\u00e7lar\u0131yla v\u00fccuttaki baz\u0131 meridyen noktalara hafif vuru\u015flarla yap\u0131lan bir tekniktir. Temeli Amerika\u2019da ve Avrupa\u2019da e\u011fitimleri verilen ve Amerikal\u0131 bir klinik psikolo\u011fun ve Amerikal\u0131 bir m\u00fchendis ve NLP uzman\u0131n\u0131n buldu\u011fu Thought Field Therapy ve Emotional Freedom Techniques y\u00f6ntemlerine dayanan ve onlar\u0131n \u00e7ok daha etkili ve kolay hali olan bir y\u00f6ntemdir.<\/p>\n<p>Ya\u015fam\u0131n her alan\u0131ndaki i\u00e7sel engellerinizi, olumsuz duygular\u0131n\u0131z\u0131 temizlemek, daha huzurlu ve mutlu bir hayat i\u00e7in Instant Freedom Techniques\u2019i kullanabilirsiniz.<\/p>\n<p>&nbsp;<\/p>\n<p><strong>Instant Freedom Techniques\u2019in \u00f6zellikleri nelerdir?<\/strong><\/p>\n<ul>\n<li>Instant Freedom Techniques \/ An\u0131nda Duygusal Ar\u0131nma Tekni\u011fi \u00e7ok h\u0131zl\u0131, dakikalar i\u00e7inde sonu\u00e7 al\u0131nabilecek bir tekniktir.<\/li>\n<li>Hayat boyu g\u00fcvenle her alanda kullan\u0131labilir.<\/li>\n<li>Hayat\u0131nda geli\u015fim, huzur,mutluluk ve ayd\u0131nl\u0131k isteyenler bu teknikle kendi ya\u015famlar\u0131ndaki t\u0131kan\u0131kl\u0131klar\u0131 temizleyebilirler.\u00a0 Son derece sade ve etkili bir y\u00f6ntemdir.<\/li>\n<\/ul>\n<p>&nbsp;<\/p>\n<p><strong>Instant Freedom Techniques\u2019in kullan\u0131m alan\u0131 nelerdir?<\/strong><\/p>\n<p>Instant Freedom Techniques \/ An\u0131nda Duygusal Ar\u0131nma Tekni\u011fi\u2019nin kullan\u0131m alan\u0131 \u00e7ok geni\u015ftir. Kullan\u0131m alanlar\u0131ndan baz\u0131lar\u0131:<\/p>\n<ul>\n<li>\u0130li\u015fkilerle ilgili sorunlar<\/li>\n<li>\u0130\u015f hayat\u0131yla ilgili sorunlar<\/li>\n<li>Ileti\u015fim sorunlar\u0131<\/li>\n<li>Motivasyon eksikli\u011fi<\/li>\n<li>Fobiler (kedi, kopek, kapal\u0131 mekan, karanl\u0131k, u\u00e7ak korkusu)<\/li>\n<li>Kilo sorunu<\/li>\n<li>Ba\u011f\u0131ml\u0131l\u0131klar (sigara, yemek gibi)<\/li>\n<li>Sosyal fobi, topluluk \u00f6n\u00fcnde konu\u015fma sorunlar\u0131<\/li>\n<li>G\u00fcvensizlik sorunlar\u0131<\/li>\n<li>Cinsel problemler<\/li>\n<li>Depresyon<\/li>\n<\/ul>\n<p>E\u011fitim alan ki\u015fi, bu tekni\u011fi ya\u015fam\u0131n\u0131n her alan\u0131nda, her yerde rahatl\u0131kla kullanabilir. Hayat boyu g\u00fcvenle kullan\u0131labilecek ve ki\u015fiyi mutlulu\u011fa, huzura, ne\u015feye, ayd\u0131nl\u0131\u011fa g\u00f6t\u00fcrecek bir tekniktir.<\/p>\n<p>&nbsp;<\/p>\n<p><strong>Kat\u0131l\u0131mc\u0131lar\u0131n Yorumlar\u0131:<\/strong><\/p>\n<p>\u201cHer yerde kullanabilece\u011fim rahat bir teknik. Basit. A\u015famad\u0131\u011f\u0131m konular\u0131 \u00e7ok rahat a\u015fabilirim art\u0131k.\u201d Aylin Y. \/ 38, Bankac\u0131<\/p>\n<p>\u201cUmdu\u011fumdan \u00e7ok daha pratik bir teknik, \u015fa\u015f\u0131rt\u0131c\u0131 derecede kolay ve etkili. Her alanda olumsuz duygular\u0131mdan kolayl\u0131kla ar\u0131nabilece\u011fim bir y\u00f6ntem\u2026\u201d Derya \u00c7. \/ 42, Pazarlama Direkt\u00f6r\u00fc<\/p>\n<p>\u201cG\u00fcnl\u00fck hayat\u0131n i\u00e7indeki k\u0131sa s\u00fcreli negatif duygular\u0131n yan\u0131 s\u0131ra, ge\u00e7mi\u015ften gelen derin ve kapsaml\u0131 negatif duygulardan da kurtulmak i\u00e7in \u00e7ok pratik ve etkili bir y\u00f6ntem. Bu kadar kolay olaca\u011f\u0131n\u0131 tahmin etmiyordum.\u201d\u00a0 Mert K. \/ 27, Mimar<\/p>\n<p>\u201cSeminer benim i\u00e7in son derece ferahlat\u0131c\u0131, iyi hissettiren bir deneyimdi. E\u011fitimin hayat\u0131ma \u00e7ok fazla \u0131\u015f\u0131k kataca\u011f\u0131na eminim\u2026\u201d\u00a0 Jale \u015e. \/ 33, D\u0131\u015f Tic Uzman\u0131<\/p>\n<p>\u201cHayat\u0131n her noktas\u0131nda, her yerde rahatl\u0131kla kullan\u0131labilecek pratik bir teknik. Umdu\u011fumdan daha kolay. \u00d6\u011frenmesi ve uygulamas\u0131 son derece basit ve ayn\u0131 zamanda etkili\u2026\u201d Ahmet D. \/ 43, \u00a0Sigortac\u0131<\/p>\n<p>\u201cE\u011fitimi \u00f6ncelikle kedi korkumdan kurtulmak i\u00e7in alm\u0131\u015ft\u0131m. IFT \u00e7ok kolay bir teknik, \u00f6\u011frenmesi \u00e7ok kolay. Daha e\u011fitimdeyken kedi korkumun azald\u0131\u011f\u0131n\u0131 farkettim. Sonras\u0131nda da kulland\u0131\u011f\u0131mda, tamamen kurtuldum bu korkudan\u2026 Bu inan\u0131lmaz bir mutluluk. Art\u0131k kedilerin oldu\u011fu restaurant veya cafelerde d\u0131\u015far\u0131da oturabiliyorum. \u201d Selda A. \/ 37,\u00a0 Butik sahibi<\/p>\n<p>&nbsp;<\/p>\n<p><strong>Instant Freedom Techniques\u2019i nas\u0131l \u00f6\u011frenebilirsiniz?<\/strong><\/p>\n<p>Instant Freedom Techniques \/ An\u0131nda Duygusal Ar\u0131nma Tekni\u011fi e\u011fitimini internet \u00fczerinden SKYPE ile online \u015fekilde alabilirsiniz.\u00a0 E\u011fitim internet \u00fczerinden birebir, \u00f6zel ders \u015feklinde yap\u0131lmaktad\u0131r. E\u011fitimle birlikte kat\u0131l\u0131mc\u0131 ki\u015fiye kat\u0131l\u0131m sertifikas\u0131 ve kitap\u00e7\u0131k g\u00f6nderilir.<\/p>\n<p>Instant Freedom Techniques \/ An\u0131nda Duygusal Ar\u0131nma Tekni\u011fi, \u00e7ok rahatl\u0131kla ve kolayl\u0131kla \u00f6\u011frenilebilecek ve uygulanabilecek bir ki\u015fisel geli\u015fim y\u00f6ntemidir.<\/p>\n<p>Online olarak Instant Freedom Techniques \/ An\u0131nda Duygusal Ar\u0131nma Tekni\u011fi E\u011fitimi almak i\u00e7in a\u015fa\u011f\u0131daki telefon numaralar\u0131ndan detayl\u0131 bilgi ve randevu alabilirsiniz.<\/p>\n<p>&nbsp;<\/p>\n","protected":false},"excerpt":{"rendered":"<p>&nbsp; &nbsp; &nbsp; &nbsp; &nbsp; &nbsp; &nbsp; &nbsp; &nbsp; &nbsp; &nbsp; Instant Freedom Techniques \/ An\u0131nda Duygusal Ar\u0131nma Tekni\u011fi E\u011fitimini internet \u00fczerinden online \u015feklinde alabilirsiniz. Instant Freedom Techniques ve Enerji bilimleri Instant Freedom Techniques \/ An\u0131nda Duygusal Ar\u0131nma Tekni\u011fi E\u011fitimi\u00a0ki\u015filerin kendi duygular\u0131n\u0131 fark etmek, olumsuz olan duygular\u0131n\u0131 temizlemek ve onlar\u0131 huzura, mutlulu\u011fa, ne\u015feye, sevince g\u00f6t\u00fcrmek i\u00e7in gereken tekni\u011fi \u00f6\u011freten e\u011fitimdir. &#8230; <\/p>\n<div><a href=\"https:\/\/www.duygusalarinma.com\/tr\/instant-freedom-techniques-egitimi-online\" class=\"more-link\">Read More<\/a><\/div>\n","protected":false},"author":4,"featured_media":0,"parent":0,"menu_order":0,"comment_status":"closed","ping_status":"closed","template":"","meta":{"_monsterinsights_skip_tracking":false,"_monsterinsights_sitenote_active":false,"_monsterinsights_sitenote_note":"","_monsterinsights_sitenote_category":0,"footnotes":""},"class_list":["post-1800","page","type-page","status-publish","hentry","no-post-thumbnail"],"aioseo_notices":[],"_links":{"self":[{"href":"https:\/\/www.duygusalarinma.com\/tr\/wp-json\/wp\/v2\/pages\/1800","targetHints":{"allow":["GET"]}}],"collection":[{"href":"https:\/\/www.duygusalarinma.com\/tr\/wp-json\/wp\/v2\/pages"}],"about":[{"href":"https:\/\/www.duygusalarinma.com\/tr\/wp-json\/wp\/v2\/types\/page"}],"author":[{"embeddable":true,"href":"https:\/\/www.duygusalarinma.com\/tr\/wp-json\/wp\/v2\/users\/4"}],"replies":[{"embeddable":true,"href":"https:\/\/www.duygusalarinma.com\/tr\/wp-json\/wp\/v2\/comments?post=1800"}],"version-history":[{"count":4,"href":"https:\/\/www.duygusalarinma.com\/tr\/wp-json\/wp\/v2\/pages\/1800\/revisions"}],"predecessor-version":[{"id":1824,"href":"https:\/\/www.duygusalarinma.com\/tr\/wp-json\/wp\/v2\/pages\/1800\/revisions\/1824"}],"wp:attachment":[{"href":"https:\/\/www.duygusalarinma.com\/tr\/wp-json\/wp\/v2\/media?parent=1800"}],"curies":[{"name":"wp","href":"https:\/\/api.w.org\/{rel}","templated":true}]}}