{"id":1916,"date":"2020-03-17T10:07:04","date_gmt":"2020-03-17T07:07:04","guid":{"rendered":"http:\/\/www.duygusalarinma.com\/tr\/?page_id=1916"},"modified":"2025-02-19T15:03:36","modified_gmt":"2025-02-19T12:03:36","slug":"gokyuzu-bilgelik-kartlari-online","status":"publish","type":"page","link":"https:\/\/www.duygusalarinma.com\/tr\/gokyuzu-bilgelik-kartlari-online","title":{"rendered":"&#8220;G\u00f6ky\u00fcz\u00fc Bilgelik Kartlar\u0131&#8221; \u00c7al\u0131\u015fmas\u0131 Online"},"content":{"rendered":"<p><img loading=\"lazy\" decoding=\"async\" class=\" wp-image-2091 aligncenter\" src=\"https:\/\/www.duygusalarinma.com\/tr\/wp-content\/uploads\/Ilan-300x252.jpg\" alt=\"\" width=\"351\" height=\"295\" srcset=\"https:\/\/www.duygusalarinma.com\/tr\/wp-content\/uploads\/Ilan-300x252.jpg 300w, https:\/\/www.duygusalarinma.com\/tr\/wp-content\/uploads\/Ilan-768x646.jpg 768w, https:\/\/www.duygusalarinma.com\/tr\/wp-content\/uploads\/Ilan-100x84.jpg 100w, https:\/\/www.duygusalarinma.com\/tr\/wp-content\/uploads\/Ilan.jpg 999w\" sizes=\"auto, (max-width: 351px) 100vw, 351px\" \/><\/p>\n<p style=\"text-align: center;\"><strong>&#8220;G\u00d6KY\u00dcZ\u00dc B\u0130LGEL\u0130K KARTLARI&#8221;<\/strong><strong> \u00c7ALI\u015eMASI &#8211; Online<\/strong><\/p>\n<p style=\"text-align: center;\">\n<p><em>G\u00f6ky\u00fcz\u00fc Bilgelik Kartlar\u0131 ile gelece\u011finize y\u00f6n verin!<\/em><\/p>\n<p>E\u011fer ya\u015fam\u0131n\u0131zda \u00e7\u00f6zmek istedi\u011finiz, y\u00fcksek bir rehberli\u011fe ihtiya\u00e7 duydu\u011funuz sorunlar\u0131n\u0131z ya da ula\u015fmak istedi\u011finiz dilekleriniz ve hedefleriniz varsa\u2026 Hayat\u0131n\u0131z\u0131n gidi\u015fat\u0131na daha iyi bir \u015fekilde y\u00f6n vermek istiyorsan\u0131z\u2026 Hangi ad\u0131mlar\u0131 atman\u0131z gerekti\u011fini bilemiyor ve bu ad\u0131mlar\u0131 g\u00f6rmek istiyorsan\u0131z\u2026 \u0130li\u015fkileriniz ve \u00f6zel hayat\u0131n\u0131zla ilgili i\u00e7 g\u00f6r\u00fcye ve netli\u011fe ihtiyac\u0131n\u0131z varsa\u2026<\/p>\n<p>\u0130\u015fte tam bu konularda ve daha pek \u00e7ok \u015feyde size yard\u0131mc\u0131 olabilecek, i\u00e7inde kadim uygarl\u0131klar\u0131n sembolizmini ve \u0131\u015f\u0131\u011f\u0131n bilgeli\u011fini ta\u015f\u0131yan yepyeni bir \u00e7al\u0131\u015fmam\u0131z var:<\/p>\n<p><strong>\u201cG\u00d6KY\u00dcZ\u00dc B\u0130LGEL\u0130K KARTLARI&#8221; \u00c7ALI\u015eMASI\u201d -Online<\/strong><\/p>\n<p><strong><u>\u00c7al\u0131\u015fman\u0131n i\u00e7eri\u011fi: <\/u><\/strong><\/p>\n<ul>\n<li>Kat\u0131l\u0131mc\u0131 ki\u015finin niyetiyle G\u00f6ky\u00fcz\u00fc Bilgelik Kartlar\u0131\u2019yla a\u00e7\u0131l\u0131m yap\u0131l\u0131r.<\/li>\n<li><strong>\u00d6zel sorunlar i\u00e7in:<\/strong> Kat\u0131l\u0131mc\u0131 ki\u015fi hayat\u0131nda i\u00e7g\u00f6r\u00fc, netlik ve rehberlik istedi\u011fi tek bir konu (kariyer, i\u015f, ili\u015fkiler, a\u015fk ya da ya\u015fam\u0131n\u0131n herhangi bir alan\u0131yla ilgili) se\u00e7ebilir. Buna g\u00f6re a\u00e7\u0131lan kartlar ki\u015fiye bir harita \u00e7izer ve bu haritan\u0131n yorumu ki\u015fiye aktar\u0131l\u0131r.<\/li>\n<li><strong>Hayat\u0131n geneli i\u00e7in:<\/strong> Kat\u0131l\u0131mc\u0131 ki\u015fi hayat\u0131n\u0131n geneline y\u00f6nelik i\u00e7g\u00f6r\u00fc, netlik ve rehberlik isteyebilir. Buna g\u00f6re a\u00e7\u0131lan kartlar ki\u015fiye bir harita \u00e7izer ve bu haritan\u0131n yorumu ki\u015fiye aktar\u0131l\u0131r.<\/li>\n<li>Her kart size y\u00fcksek bir i\u00e7g\u00f6r\u00fc, rehberlik ve bilgelik sunar ve ya\u015fam\u0131n\u0131za netlik kazand\u0131r\u0131r.<\/li>\n<li>G\u00f6ky\u00fcz\u00fc Bilgelik Kartlar\u0131, her biri derin bir anlama sahip, \u00f6zel olarak tasarlanm\u0131\u015f 58 kart i\u00e7eren, y\u00fcksek enerjili bir desteden olu\u015fmaktad\u0131r.<\/li>\n<li>\u00c7al\u0131\u015fma online veya y\u00fcz y\u00fcze yap\u0131labilmektedir.<\/li>\n<li>Ki\u015fiye \u00f6zel, bireysel bir \u00e7al\u0131\u015fmad\u0131r.<\/li>\n<\/ul>\n<p><strong><u>Ama\u00e7: <\/u><\/strong><\/p>\n<p>Bu \u00e7al\u0131\u015fman\u0131n temel amac\u0131, G\u00f6ky\u00fcz\u00fc Bilgelik Kartlar\u0131 arac\u0131l\u0131\u011f\u0131 ile hayat\u0131n\u0131zla ilgili g\u00f6rmeniz gerekenleri g\u00f6rerek, hayat\u0131n\u0131z\u0131 netle\u015ftirmek ve daha bilin\u00e7li bir \u015fekilde y\u00f6nlendirmek, gelecek i\u00e7in atman\u0131z gereken ad\u0131mlar\u0131 belirlemek, dilek ve hedeflerinize kavu\u015fmak i\u00e7in yol haritas\u0131n\u0131 olu\u015fturmakt\u0131r.&nbsp; Ayn\u0131 zamanda \u00e7al\u0131\u015fma size derin bir bilgelik, i\u00e7g\u00f6r\u00fc ve ayd\u0131nlanma kazand\u0131rmay\u0131 ama\u00e7lar.<\/p>\n<p><em>E\u011fer siz de hayat\u0131n\u0131zla ilgili y\u00fcksek bir i\u00e7g\u00f6r\u00fc ve bilgelik haritas\u0131 istiyorsan\u0131z, &#8220;G\u00f6ky\u00fcz\u00fc Bilgelik Kartlar\u0131&#8221; \u00c7al\u0131\u015fmas\u0131 i\u00e7in a\u015fa\u011f\u0131daki ileti\u015fim numaralar\u0131ndan randevu almay\u0131 unutmay\u0131n!<\/em><\/p>\n<p>0532-7163895<\/p>\n<p>info@duygusalarinma.com<\/p>\n","protected":false},"excerpt":{"rendered":"<p>&#8220;G\u00d6KY\u00dcZ\u00dc B\u0130LGEL\u0130K KARTLARI&#8221; \u00c7ALI\u015eMASI &#8211; Online G\u00f6ky\u00fcz\u00fc Bilgelik Kartlar\u0131 ile gelece\u011finize y\u00f6n verin! E\u011fer ya\u015fam\u0131n\u0131zda \u00e7\u00f6zmek istedi\u011finiz, y\u00fcksek bir rehberli\u011fe ihtiya\u00e7 duydu\u011funuz sorunlar\u0131n\u0131z ya da ula\u015fmak istedi\u011finiz dilekleriniz ve hedefleriniz varsa\u2026 Hayat\u0131n\u0131z\u0131n gidi\u015fat\u0131na daha iyi bir \u015fekilde y\u00f6n vermek istiyorsan\u0131z\u2026 Hangi ad\u0131mlar\u0131 atman\u0131z gerekti\u011fini bilemiyor ve bu ad\u0131mlar\u0131 g\u00f6rmek istiyorsan\u0131z\u2026 \u0130li\u015fkileriniz ve \u00f6zel hayat\u0131n\u0131zla ilgili i\u00e7 g\u00f6r\u00fcye ve netli\u011fe ihtiyac\u0131n\u0131z &#8230; <\/p>\n<div><a href=\"https:\/\/www.duygusalarinma.com\/tr\/gokyuzu-bilgelik-kartlari-online\" class=\"more-link\">Read More<\/a><\/div>\n","protected":false},"author":4,"featured_media":0,"parent":0,"menu_order":0,"comment_status":"closed","ping_status":"closed","template":"","meta":{"_monsterinsights_skip_tracking":false,"_monsterinsights_sitenote_active":false,"_monsterinsights_sitenote_note":"","_monsterinsights_sitenote_category":0,"footnotes":""},"class_list":["post-1916","page","type-page","status-publish","hentry","no-post-thumbnail"],"aioseo_notices":[],"_links":{"self":[{"href":"https:\/\/www.duygusalarinma.com\/tr\/wp-json\/wp\/v2\/pages\/1916","targetHints":{"allow":["GET"]}}],"collection":[{"href":"https:\/\/www.duygusalarinma.com\/tr\/wp-json\/wp\/v2\/pages"}],"about":[{"href":"https:\/\/www.duygusalarinma.com\/tr\/wp-json\/wp\/v2\/types\/page"}],"author":[{"embeddable":true,"href":"https:\/\/www.duygusalarinma.com\/tr\/wp-json\/wp\/v2\/users\/4"}],"replies":[{"embeddable":true,"href":"https:\/\/www.duygusalarinma.com\/tr\/wp-json\/wp\/v2\/comments?post=1916"}],"version-history":[{"count":5,"href":"https:\/\/www.duygusalarinma.com\/tr\/wp-json\/wp\/v2\/pages\/1916\/revisions"}],"predecessor-version":[{"id":2105,"href":"https:\/\/www.duygusalarinma.com\/tr\/wp-json\/wp\/v2\/pages\/1916\/revisions\/2105"}],"wp:attachment":[{"href":"https:\/\/www.duygusalarinma.com\/tr\/wp-json\/wp\/v2\/media?parent=1916"}],"curies":[{"name":"wp","href":"https:\/\/api.w.org\/{rel}","templated":true}]}}