{"id":1920,"date":"2020-03-17T10:10:11","date_gmt":"2020-03-17T07:10:11","guid":{"rendered":"http:\/\/www.duygusalarinma.com\/tr\/?page_id=1920"},"modified":"2020-03-17T20:37:20","modified_gmt":"2020-03-17T17:37:20","slug":"puzzle-of-light-calismasi-online","status":"publish","type":"page","link":"https:\/\/www.duygusalarinma.com\/tr\/puzzle-of-light-calismasi-online","title":{"rendered":"&#8220;Puzzle of Light&#8221; \u00c7al\u0131\u015fmas\u0131 Online"},"content":{"rendered":"<p style=\"text-align: left;\"><img loading=\"lazy\" decoding=\"async\" src=\"https:\/\/www.duygusalarinma.com\/tr\/wp-content\/uploads\/puzzle-1-1-300x200.jpg\" alt=\"\" width=\"312\" height=\"208\" \/><\/p>\n<p style=\"text-align: left;\"><strong>&#8220;Puzzle of Light&#8221;<\/strong><\/p>\n<p style=\"text-align: left;\"><strong>I\u015f\u0131k Bulmacas\u0131 \/\u00a0 Online Bireysel \u00c7al\u0131\u015fma\u00a0<\/strong><\/p>\n<p>&#8220;Puzzle of Light&#8221; \/ I\u015f\u0131k Bulmacas\u0131 \u00c7al\u0131\u015fmas\u0131&#8217;n\u0131 internet \u00fczerinden online olarak alabilirsiniz.<\/p>\n<p>Bir ki\u015finin t\u00fcm ya\u015fam\u0131 bir b\u00fct\u00fcnl\u00fck i\u00e7indedir ve o ki\u015finin ya\u015fam\u0131na ait t\u00fcm par\u00e7alar da o b\u00fct\u00fcn\u00fc olu\u015fturur\u2026 Ya\u015fam\u0131ndaki ki\u015filer, i\u015f, \u00f6zel hayat b\u00f6l\u00fcmleri, ya\u015fad\u0131\u011f\u0131 \u00fclke, \u015fehir, mesle\u011fi, kar\u015f\u0131s\u0131na bir g\u00fcn bir saat i\u00e7in bile \u00e7\u0131kan herkes, o ya\u015fam\u0131n par\u00e7alar\u0131d\u0131r ve b\u00fct\u00fcn\u00fcn\u00fc meydana getirir.<\/p>\n<p style=\"text-align: left;\">Ki\u015fi ya\u015fam\u0131ndaki t\u00fcm par\u00e7alar\u0131 da asl\u0131nda kendi se\u00e7imleriyle olu\u015fturmaktad\u0131r. Ya\u015fam\u0131ndaki ki\u015filer asl\u0131nda o orada olmalar\u0131n\u0131 se\u00e7ti\u011fi i\u00e7in oradad\u0131rlar\u2026 \u0130nsan ya\u015fad\u0131\u011f\u0131 \u00fclkeyi, \u015fehri, i\u015fini, evini, her zaman de\u011fi\u015ftirme durumuna sahiptir ve yine bunlarla ilgili her \u015fey o ki\u015finin kendi se\u00e7imleriyle olu\u015fur.<\/p>\n<p>\u0130nsan\u0131n kendi enerjisi de bir b\u00fct\u00fcnl\u00fck i\u00e7indedir\u2026 Ruh, beden, zihin, ak\u0131l, duygular\u2026 T\u00fcm\u00fc bu b\u00fct\u00fcn\u00fc olu\u015fturur. Enerji b\u00fct\u00fcnl\u00fck ta\u015f\u0131r\u2026<\/p>\n<p>Ya\u015fam\u0131n t\u00fcm\u00fcne yapboz bir bulmaca gibi bakt\u0131\u011f\u0131m\u0131zda, asl\u0131nda o bulmacan\u0131n t\u00fcm par\u00e7alar\u0131 yerli yerine oturdu\u011funda, b\u00fcy\u00fck resmi olu\u015fturur ve b\u00fct\u00fcn bir \u015fey ortaya \u00e7\u0131kar\u2026<\/p>\n<p>\u0130nsan\u0131n ya\u015fam\u0131n\u0131 da de\u011fi\u015fken ve yeniden olu\u015fabilen, esnek ve hareketli bir yapboz gibi d\u00fc\u015f\u00fcnebiliriz. Ya\u015famdaki t\u00fcm par\u00e7alar birbirini etkiler ve asl\u0131nda bir par\u00e7ay\u0131 de\u011fi\u015ftirerek t\u00fcm yapbozu da de\u011fi\u015ftirebiliriz\u2026.<\/p>\n<p>Ki\u015finin kendisinde yapaca\u011f\u0131 tek bir olumlu de\u011fi\u015fiklik, asl\u0131nda t\u00fcm ya\u015fam\u0131n\u0131 ve ya\u015fam\u0131ndaki t\u00fcm par\u00e7alar\u0131 da olumlu anlamda etkileyecektir\u2026<\/p>\n<p><strong>Puzzle of Light \u00c7al\u0131\u015fmas\u0131 Nedir?<\/strong><\/p>\n<p>Bir ki\u015finin ya\u015fam\u0131nda sorun olarak g\u00f6rd\u00fc\u011f\u00fc t\u00fcm durumlar, asl\u0131nda kendi enerji alan\u0131nda olu\u015fturdu\u011fu bir olumsuzlu\u011fun d\u00fcnya realitesinde yans\u0131mas\u0131, olu\u015fumudur. Ki\u015filer kendi se\u00e7imleriyle kendi ya\u015famlar\u0131n\u0131 olu\u015ftururlar ve ya\u015famda sahip olduklar\u0131 olumsuz duygular da yine o duygular\u0131n i\u00e7inde olmay\u0131 kendileri se\u00e7tikleri i\u00e7in, ya\u015famlar\u0131nda sorun olu\u015fturur.<\/p>\n<p>\u0130\u015f yerinde sorun ya\u015fayan birisi, asl\u0131nda temelde ta\u015f\u0131d\u0131\u011f\u0131 kaybetme korkusu nedeniyle o i\u015fte \u00e7al\u0131\u015fmaya devam ediyor olabilir. Ya da de\u011fi\u015fimden korkan biri de\u011fi\u015fiklikten korktu\u011fu i\u00e7in k\u00f6t\u00fc de olsa olan i\u015fi s\u00fcrd\u00fcrmeye \u00e7al\u0131\u015f\u0131yor olabilir.<\/p>\n<p>Otorite korkusu olan birisi, hangi i\u015f yerinde \u00e7al\u0131\u015f\u0131rsa \u00e7al\u0131\u015fs\u0131n, zor y\u00f6neticiyle kar\u015f\u0131la\u015fabilir. \u0130\u015f yeri de\u011fi\u015fir ama benzer durumlar ya\u015fan\u0131r durur\u2026<\/p>\n<p>Temelde de\u011fersizlik ta\u015f\u0131yan bir ki\u015fi, kad\u0131n-erkek ili\u015fkilerinde partneriyle, yeterli de\u011feri g\u00f6rememe, kendisine k\u00f6t\u00fc davran\u0131lma gibi mutsuzluk i\u00e7eren ili\u015fki durumlar\u0131 ya\u015fayacakt\u0131r. Ya\u015fam boyunca kurdu\u011fu t\u00fcm ili\u015fkilerde, bu de\u011fersizlik duygusunu \u00e7\u00f6zmedik\u00e7e tekrar tekrar bu durumlar\u0131 ya\u015fayabilir.<\/p>\n<p>Ki\u015filerin, b\u00fcy\u00fck yapboz bulmacan\u0131n \/ b\u00fcy\u00fck resmin i\u00e7inde, yani ya\u015fam b\u00fct\u00fcnl\u00fc\u011f\u00fcnde, ya\u015fad\u0131klar\u0131 sorunlar\u0131 bir bulmaca gibi ele al\u0131rsak, her bulmacan\u0131n temelinde yatan ve t\u00fcm par\u00e7alar\u0131 birle\u015ftiren bir merkez par\u00e7a vard\u0131r. Yani her sorunun temelinde, en derinde, o soruna sebep olan bir olumsuz duygu bulunur. Bu \u00e7\u00f6z\u00fclmedik\u00e7e, \u0131\u015f\u0131\u011fa kavu\u015fup n\u00f6trlenmedik\u00e7e, sorunun temas\u0131 neyse, ki\u015finin ya\u015fam\u0131nda k\u0131s\u0131r bir d\u00f6ng\u00fc gibi tekrar edip durur\u2026 Ta ki ki\u015fi o konuyu g\u00f6r\u00fcp temizleyen, \u00e7\u00f6zene kadar\u2026<\/p>\n<p>Puzzle of Light \u00c7al\u0131\u015fmas\u0131, ki\u015filerin ya\u015fam\u0131nda sorun olan her konunun en temelinde yatan ve o teman\u0131n s\u00fcrekli tekrar etmesini sa\u011flayan olumsuz duyguyu bulup temizlemeye ve b\u00f6ylece en temelinden o sorunu sevgiye d\u00f6n\u00fc\u015ft\u00fcr\u00fcp temizlemeye y\u00f6nelik \u00f6zel bir \u00e7al\u0131\u015fmad\u0131r.<\/p>\n<p><strong>Puzzle of Light \u00c7al\u0131\u015fmas\u0131na kimler kat\u0131labilir?<\/strong><\/p>\n<p>Ya\u015fam\u0131nda sorun olan ve o sorunu temizlemek isteyen,<br \/>\nya\u015fam\u0131nda olumsuz anlamda baz\u0131 olaylar\u0131n s\u00fcrekli tekrar etti\u011fini fark eden ve bundan kurtulmak isteyen,<br \/>\ngeli\u015fim yolculu\u011funda ayd\u0131nl\u0131\u011fa, huzura, ne\u015feye kavu\u015fmak isteyen,<br \/>\nkendisini y\u00fckseli\u015finde bir basamak yukar\u0131 ta\u015f\u0131mak isteyen herkes.<\/p>\n<p><strong>Puzzle of Light \u00c7al\u0131\u015fmas\u0131 i\u00e7in konular hangi alanlarda olabilir?<\/strong><\/p>\n<p>Ki\u015filerin sorun olarak g\u00f6rd\u00fckleri her konunun temelinde bir olumsuz duygu \/ neden vard\u0131r. Dolay\u0131s\u0131yla \u00e7al\u0131\u015fmaya kat\u0131lan ki\u015fi, kendi ya\u015fam\u0131yla ilgili sorun olarak g\u00f6rd\u00fc\u011f\u00fc her konuyu temelinde yatan nedeni g\u00f6rmek ve temizlemek i\u00e7in se\u00e7ebilir.<br \/>\n\u0130\u015f hayat\u0131 sorunlar\u0131, ili\u015fkilerle ilgili sorunlar (aile ili\u015fkileri, kad\u0131n-erkek ili\u015fkileri, arkada\u015fl\u0131k) para ve bolluk bereket sorunlar\u0131, ileti\u015fim sorunlar\u0131 gibi, ya\u015fama dair her konunun temelinde hangi neden \/ olumsuz duygu oldu\u011fu bu \u00e7al\u0131\u015fma ile bulunabilir ve sevgiye d\u00f6n\u00fc\u015ft\u00fcr\u00fcl\u00fcp temizlenebilir.<\/p>\n<p>Puzzle of Light \u00c7al\u0131\u015fmas\u0131 yakla\u015f\u0131k bir saat s\u00fcren bireysel bir \u00e7al\u0131\u015fmad\u0131r.<\/p>\n<p>Kat\u0131l\u0131mc\u0131 ki\u015fi \u00e7al\u0131\u015fmada kendisi i\u00e7in sorun olan bir konuyu se\u00e7er. Bu k\u0131s\u0131r d\u00f6ng\u00fc gibi tekrar eden bir sorun da olabilir, ilk defa ya\u015fad\u0131\u011f\u0131 bir sorun da\u2026 \u00c7al\u0131\u015fman\u0131n kendi tekni\u011fi sayesinde, ki\u015fi hem o sorunun en temelinde yatan olumsuz duyguyu \/ nedeni, hem de konuyla ba\u011flant\u0131l\u0131 gerekli par\u00e7alar varsa o par\u00e7alar\u0131 g\u00f6r\u00fcp fark eder.<\/p>\n<p>Puzzle of Light \u00c7al\u0131\u015fmas\u0131, \u00e7al\u0131\u015fmaya kat\u0131lan ki\u015finin sorunun en temelinde yatan olumsuz duyguyu \/ nedeni bulup sevgiye d\u00f6n\u00fc\u015ft\u00fcrmeye, temizlemeye y\u00f6nelik bir \u00e7al\u0131\u015fmad\u0131r. B\u00f6ylece kat\u0131l\u0131mc\u0131 ki\u015finin ya\u015fam\u0131nda o d\u00f6ng\u00fc tamamlan\u0131r, o sorun son bulur.<\/p>\n<p>\u00c7al\u0131\u015fma SKYPE ile internet \u00fczerinden online olarak da yap\u0131labilmektedir. \u00c7al\u0131\u015fman\u0131n y\u00fcz y\u00fcze yap\u0131lmas\u0131 ile internet \u00fczerinden yap\u0131lmas\u0131 aras\u0131nda etki a\u00e7\u0131s\u0131ndan fark yoktur, etkisi birebir ayn\u0131d\u0131r.<\/p>\n<p>Puzzle of Light \u00c7al\u0131\u015fmas\u0131na kat\u0131l\u0131m i\u00e7in randevu alabilirsiniz.<\/p>\n","protected":false},"excerpt":{"rendered":"<p>&#8220;Puzzle of Light&#8221; I\u015f\u0131k Bulmacas\u0131 \/\u00a0 Online Bireysel \u00c7al\u0131\u015fma\u00a0 &#8220;Puzzle of Light&#8221; \/ I\u015f\u0131k Bulmacas\u0131 \u00c7al\u0131\u015fmas\u0131&#8217;n\u0131 internet \u00fczerinden online olarak alabilirsiniz. Bir ki\u015finin t\u00fcm ya\u015fam\u0131 bir b\u00fct\u00fcnl\u00fck i\u00e7indedir ve o ki\u015finin ya\u015fam\u0131na ait t\u00fcm par\u00e7alar da o b\u00fct\u00fcn\u00fc olu\u015fturur\u2026 Ya\u015fam\u0131ndaki ki\u015filer, i\u015f, \u00f6zel hayat b\u00f6l\u00fcmleri, ya\u015fad\u0131\u011f\u0131 \u00fclke, \u015fehir, mesle\u011fi, kar\u015f\u0131s\u0131na bir g\u00fcn bir saat i\u00e7in bile \u00e7\u0131kan herkes, o ya\u015fam\u0131n &#8230; <\/p>\n<div><a href=\"https:\/\/www.duygusalarinma.com\/tr\/puzzle-of-light-calismasi-online\" class=\"more-link\">Read More<\/a><\/div>\n","protected":false},"author":4,"featured_media":0,"parent":0,"menu_order":0,"comment_status":"closed","ping_status":"open","template":"","meta":{"_monsterinsights_skip_tracking":false,"_monsterinsights_sitenote_active":false,"_monsterinsights_sitenote_note":"","_monsterinsights_sitenote_category":0,"footnotes":""},"class_list":["post-1920","page","type-page","status-publish","hentry","no-post-thumbnail"],"aioseo_notices":[],"_links":{"self":[{"href":"https:\/\/www.duygusalarinma.com\/tr\/wp-json\/wp\/v2\/pages\/1920","targetHints":{"allow":["GET"]}}],"collection":[{"href":"https:\/\/www.duygusalarinma.com\/tr\/wp-json\/wp\/v2\/pages"}],"about":[{"href":"https:\/\/www.duygusalarinma.com\/tr\/wp-json\/wp\/v2\/types\/page"}],"author":[{"embeddable":true,"href":"https:\/\/www.duygusalarinma.com\/tr\/wp-json\/wp\/v2\/users\/4"}],"replies":[{"embeddable":true,"href":"https:\/\/www.duygusalarinma.com\/tr\/wp-json\/wp\/v2\/comments?post=1920"}],"version-history":[{"count":3,"href":"https:\/\/www.duygusalarinma.com\/tr\/wp-json\/wp\/v2\/pages\/1920\/revisions"}],"predecessor-version":[{"id":1935,"href":"https:\/\/www.duygusalarinma.com\/tr\/wp-json\/wp\/v2\/pages\/1920\/revisions\/1935"}],"wp:attachment":[{"href":"https:\/\/www.duygusalarinma.com\/tr\/wp-json\/wp\/v2\/media?parent=1920"}],"curies":[{"name":"wp","href":"https:\/\/api.w.org\/{rel}","templated":true}]}}