{"id":25,"date":"2011-08-27T10:05:07","date_gmt":"2011-08-27T07:05:07","guid":{"rendered":"http:\/\/www.kapkare.com\/duygusalarinma\/?page_id=25"},"modified":"2020-11-05T16:29:50","modified_gmt":"2020-11-05T13:29:50","slug":"ana-sayfa","status":"publish","type":"page","link":"https:\/\/www.duygusalarinma.com\/tr\/","title":{"rendered":"Ana Sayfa"},"content":{"rendered":"<div id=\"cs-content\" class=\"cs-content\"><\/div>\n","protected":false},"excerpt":{"rendered":"<p>Kitaplar &nbsp;Ayl\u0131k Seminer ve Workshop Program\u0131 &nbsp;Bas\u0131nda &nbsp;AUSEY S\u00f6zleri &nbsp;Kat\u0131l\u0131mc\u0131 ve Okurlardan gelenler Blog &nbsp; Di\u011fer video&#8217;lara ula\u015fmak i\u00e7in YouTube kanal\u0131m\u0131za abone olun. Yeni eklenen video&#8217;lardan haberdar olmak i\u00e7in bildirimleri a\u00e7abilirsiniz (\u00c7an simgesine t\u0131klayarak).<\/p>\n","protected":false},"author":2,"featured_media":0,"parent":0,"menu_order":0,"comment_status":"closed","ping_status":"open","template":"template-blank-4.php","meta":{"_monsterinsights_skip_tracking":false,"_monsterinsights_sitenote_active":false,"_monsterinsights_sitenote_note":"","_monsterinsights_sitenote_category":0,"footnotes":""},"class_list":["post-25","page","type-page","status-publish","hentry","no-post-thumbnail"],"aioseo_notices":[],"_links":{"self":[{"href":"https:\/\/www.duygusalarinma.com\/tr\/wp-json\/wp\/v2\/pages\/25","targetHints":{"allow":["GET"]}}],"collection":[{"href":"https:\/\/www.duygusalarinma.com\/tr\/wp-json\/wp\/v2\/pages"}],"about":[{"href":"https:\/\/www.duygusalarinma.com\/tr\/wp-json\/wp\/v2\/types\/page"}],"author":[{"embeddable":true,"href":"https:\/\/www.duygusalarinma.com\/tr\/wp-json\/wp\/v2\/users\/2"}],"replies":[{"embeddable":true,"href":"https:\/\/www.duygusalarinma.com\/tr\/wp-json\/wp\/v2\/comments?post=25"}],"version-history":[{"count":114,"href":"https:\/\/www.duygusalarinma.com\/tr\/wp-json\/wp\/v2\/pages\/25\/revisions"}],"predecessor-version":[{"id":1953,"href":"https:\/\/www.duygusalarinma.com\/tr\/wp-json\/wp\/v2\/pages\/25\/revisions\/1953"}],"wp:attachment":[{"href":"https:\/\/www.duygusalarinma.com\/tr\/wp-json\/wp\/v2\/media?parent=25"}],"curies":[{"name":"wp","href":"https:\/\/api.w.org\/{rel}","templated":true}]}}