{"id":253,"date":"2012-03-23T00:51:31","date_gmt":"2012-03-22T21:51:31","guid":{"rendered":"http:\/\/www.kapkare.com\/duygusalarinma\/tr\/?page_id=253"},"modified":"2025-12-10T15:17:25","modified_gmt":"2025-12-10T12:17:25","slug":"aylik-seminer-programi","status":"publish","type":"page","link":"https:\/\/www.duygusalarinma.com\/tr\/aylik-seminer-programi","title":{"rendered":"Ayl\u0131k Seminer ve Workshop Program\u0131"},"content":{"rendered":"<h4 style=\"text-align: center;\"><\/h4>\n<h5 style=\"text-align: center;\">ARALIK 2025<\/h5>\n<p><img loading=\"lazy\" decoding=\"async\" class=\"alignnone size-medium wp-image-2083 aligncenter\" src=\"https:\/\/www.duygusalarinma.com\/tr\/wp-content\/uploads\/yeni-yil-c-gorsel-2024-298x300.jpg\" alt=\"\" width=\"298\" height=\"300\" srcset=\"https:\/\/www.duygusalarinma.com\/tr\/wp-content\/uploads\/yeni-yil-c-gorsel-2024-298x300.jpg 298w, https:\/\/www.duygusalarinma.com\/tr\/wp-content\/uploads\/yeni-yil-c-gorsel-2024-150x150.jpg 150w, https:\/\/www.duygusalarinma.com\/tr\/wp-content\/uploads\/yeni-yil-c-gorsel-2024-768x773.jpg 768w, https:\/\/www.duygusalarinma.com\/tr\/wp-content\/uploads\/yeni-yil-c-gorsel-2024-100x101.jpg 100w, https:\/\/www.duygusalarinma.com\/tr\/wp-content\/uploads\/yeni-yil-c-gorsel-2024-1000x1006.jpg 1000w, https:\/\/www.duygusalarinma.com\/tr\/wp-content\/uploads\/yeni-yil-c-gorsel-2024.jpg 1018w\" sizes=\"auto, (max-width: 298px) 100vw, 298px\" \/><\/p>\n<p><em>\u00a0<\/em><\/p>\n<p style=\"text-align: center;\"><strong>YEN\u0130 YILA \u00d6ZEL \u00c7ALI\u015eMA<\/strong><\/p>\n<p>Her gelen y\u0131l, yeni potansiyelleriyle ve yepyeni enerjisiyle geliyor\u2026<\/p>\n<p>Yeni bir y\u0131l, ya\u015fam\u0131n\u0131zda ger\u00e7ekle\u015ftirmek istedi\u011finiz hedeflerinizi, olmas\u0131n\u0131 istedi\u011finiz, arzular\u0131n\u0131z\u0131, niyetlerinizi ger\u00e7ekle\u015ftirmek i\u00e7in yepyeni bir ba\u015flang\u0131\u00e7 olabilir.<\/p>\n<p>Ki\u015fi hayat\u0131nda olmas\u0131n\u0131 arzu etti\u011fi, ya\u015fam\u0131nda ona mutluluk verecek g\u00fczel hedeflerini, niyetlerini ya\u015fam\u0131nda bazen ger\u00e7ekle\u015ftirirken, bu niyetleri yerini bulurken, bazen de bunlarla ilgili i\u00e7sel engeller koyabiliyor fark etmeden ve asl\u0131nda bir yandan dilerken bir yandan ger\u00e7ekle\u015fmesini engelleyebiliyor\u2026<\/p>\n<p>Siz bir niyeti yapt\u0131\u011f\u0131n\u0131zda, bir \u015feyi diledi\u011finizde, o \u0131\u015f\u0131k evrene yay\u0131l\u0131r ve Tanr\u0131\u2019yla birlikte ger\u00e7ekle\u015fir ve siz de bunun yans\u0131mas\u0131n\u0131 ya\u015fam\u0131n\u0131zda ger\u00e7ekle\u015fmesiyle ya\u015fars\u0131n\u0131z. Ancak e\u011fer g\u00f6rmedi\u011finiz, fark etmedi\u011finiz i\u00e7sel engelleriniz varsa bu \u0131\u015f\u0131\u011f\u0131 yayamayabiliyor ve asl\u0131nda kendiniz ger\u00e7ekle\u015fmesini engelleyebiliyorsunuz\u2026<\/p>\n<p>Ya\u015fam\u0131n\u0131zda ger\u00e7ekle\u015fmesini istedi\u011finiz yeni hedefleriniz, niyetleriniz i\u00e7in, bunlar\u0131 ya\u015fama ge\u00e7irebilmek i\u00e7in, yol g\u00f6sterici \u00a0bir seansl\u0131k bir \u00e7al\u0131\u015fmaya kat\u0131labilirsiniz.<\/p>\n<p>\u00c7al\u0131\u015fman\u0131n detaylar\u0131n\u0131 a\u015fa\u011f\u0131da bulabilirsiniz:<\/p>\n<ul>\n<li>Yeni Y\u0131la \u00d6zel \u00c7al\u0131\u015fma bireysel bir \u00e7al\u0131\u015fmad\u0131r. Ki\u015fiye \u00f6zeldir.<\/li>\n<li>Bir seansl\u0131k ve bir saat s\u00fcren bir \u00e7al\u0131\u015fmad\u0131r.<\/li>\n<li>Ger\u00e7ekle\u015fmesini istedi\u011finiz niyet ve hedeflerle ilgili yol g\u00f6sterici, varsa i\u00e7sel engelleri g\u00f6rmenizi sa\u011flayan bir \u00e7al\u0131\u015fmad\u0131r.<\/li>\n<li>Niyet ve hedefinizle ilgili i\u00e7sel engeller varsa bunlar\u0131n nas\u0131l temizlenebilece\u011finin yolunu da bu \u00e7al\u0131\u015fmada\u00a0 \u00f6\u011frenebilirsiniz.<\/li>\n<li>Aral\u0131k ay\u0131 sonuna kadar s\u00fcren d\u00f6nemsel \u00e7al\u0131\u015fmad\u0131r.<\/li>\n<\/ul>\n<p>\u201cYeni Y\u0131la \u00d6zel \u00c7al\u0131\u015fma\u201dya kat\u0131l\u0131m i\u00e7in a\u015fa\u011f\u0131daki telefon numaralar\u0131ndan randevu alabilirsiniz.<\/p>\n<p>0532-7163895<\/p>\n<p><img loading=\"lazy\" decoding=\"async\" class=\"aligncenter wp-image-2091\" src=\"https:\/\/www.duygusalarinma.com\/tr\/wp-content\/uploads\/Ilan-300x252.jpg\" alt=\"\" width=\"364\" height=\"305\" srcset=\"https:\/\/www.duygusalarinma.com\/tr\/wp-content\/uploads\/Ilan-300x252.jpg 300w, https:\/\/www.duygusalarinma.com\/tr\/wp-content\/uploads\/Ilan-768x646.jpg 768w, https:\/\/www.duygusalarinma.com\/tr\/wp-content\/uploads\/Ilan-100x84.jpg 100w, https:\/\/www.duygusalarinma.com\/tr\/wp-content\/uploads\/Ilan.jpg 999w\" sizes=\"auto, (max-width: 364px) 100vw, 364px\" \/><\/p>\n<h5 style=\"text-align: center;\">&#8220;G\u00d6KY\u00dcZ\u00dc B\u0130LGEL\u0130K KARTLARI&#8221; \u00c7ALI\u015eMASI<\/h5>\n<p><em>G\u00f6ky\u00fcz\u00fc Bilgelik Kartlar\u0131 ile gelece\u011finize y\u00f6n verin!<\/em><\/p>\n<p>E\u011fer ya\u015fam\u0131n\u0131zda \u00e7\u00f6zmek istedi\u011finiz, y\u00fcksek bir rehberli\u011fe ihtiya\u00e7 duydu\u011funuz sorunlar\u0131n\u0131z ya da ula\u015fmak istedi\u011finiz dilekleriniz ve hedefleriniz varsa\u2026 Hayat\u0131n\u0131z\u0131n gidi\u015fat\u0131na daha iyi bir \u015fekilde y\u00f6n vermek istiyorsan\u0131z\u2026 Hangi ad\u0131mlar\u0131 atman\u0131z gerekti\u011fini bilemiyor ve bu ad\u0131mlar\u0131 g\u00f6rmek istiyorsan\u0131z\u2026 \u0130li\u015fkileriniz ve \u00f6zel hayat\u0131n\u0131zla ilgili i\u00e7 g\u00f6r\u00fcye ve netli\u011fe ihtiyac\u0131n\u0131z varsa\u2026<\/p>\n<p>\u0130\u015fte tam bu konularda ve daha pek \u00e7ok \u015feyde size yard\u0131mc\u0131 olabilecek, i\u00e7inde kadim uygarl\u0131klar\u0131n sembolizmini ve \u0131\u015f\u0131\u011f\u0131n bilgeli\u011fini ta\u015f\u0131yan yepyeni bir \u00e7al\u0131\u015fmam\u0131z var:<\/p>\n<p><strong>\u201cG\u00d6KY\u00dcZ\u00dc B\u0130LGEL\u0130K KARTLARIYLA REHBERL\u0130K \u00c7ALI\u015eMASI\u201d<\/strong><\/p>\n<p><strong><u>\u00c7al\u0131\u015fman\u0131n i\u00e7eri\u011fi: <\/u><\/strong><\/p>\n<ul>\n<li>Kat\u0131l\u0131mc\u0131 ki\u015finin niyetiyle G\u00f6ky\u00fcz\u00fc Bilgelik Kartlar\u0131\u2019yla a\u00e7\u0131l\u0131m yap\u0131l\u0131r.<\/li>\n<li><strong>\u00d6zel sorunlar i\u00e7in:<\/strong> Kat\u0131l\u0131mc\u0131 ki\u015fi hayat\u0131nda i\u00e7g\u00f6r\u00fc, netlik ve rehberlik istedi\u011fi tek bir konu (kariyer, i\u015f, ili\u015fkiler, a\u015fk ya da ya\u015fam\u0131n\u0131n herhangi bir alan\u0131yla ilgili) se\u00e7ebilir. Buna g\u00f6re a\u00e7\u0131lan kartlar ki\u015fiye bir harita \u00e7izer ve bu haritan\u0131n yorumu ki\u015fiye aktar\u0131l\u0131r.<\/li>\n<li><strong>Hayat\u0131n geneli i\u00e7in:<\/strong> Kat\u0131l\u0131mc\u0131 ki\u015fi hayat\u0131n\u0131n geneline y\u00f6nelik i\u00e7g\u00f6r\u00fc, netlik ve rehberlik isteyebilir. Buna g\u00f6re a\u00e7\u0131lan kartlar ki\u015fiye bir harita \u00e7izer ve bu haritan\u0131n yorumu ki\u015fiye aktar\u0131l\u0131r.<\/li>\n<li>Her kart size y\u00fcksek bir i\u00e7g\u00f6r\u00fc, rehberlik ve bilgelik sunar ve ya\u015fam\u0131n\u0131za netlik kazand\u0131r\u0131r.<\/li>\n<li>G\u00f6ky\u00fcz\u00fc Bilgelik Kartlar\u0131, her biri derin bir anlama sahip, \u00f6zel olarak tasarlanm\u0131\u015f 58 kart i\u00e7eren, y\u00fcksek enerjili bir desteden olu\u015fmaktad\u0131r.<\/li>\n<li>\u00c7al\u0131\u015fma online veya y\u00fcz y\u00fcze yap\u0131labilmektedir.<\/li>\n<li>Ki\u015fiye \u00f6zel, bireysel bir \u00e7al\u0131\u015fmad\u0131r.<\/li>\n<\/ul>\n<p><strong><u>Ama\u00e7: <\/u><\/strong><\/p>\n<p>Bu \u00e7al\u0131\u015fman\u0131n temel amac\u0131, G\u00f6ky\u00fcz\u00fc Bilgelik Kartlar\u0131 arac\u0131l\u0131\u011f\u0131 ile hayat\u0131n\u0131zla ilgili g\u00f6rmeniz gerekenleri g\u00f6rerek, hayat\u0131n\u0131z\u0131 netle\u015ftirmek ve daha bilin\u00e7li bir \u015fekilde y\u00f6nlendirmek, gelecek i\u00e7in atman\u0131z gereken ad\u0131mlar\u0131 belirlemek, dilek ve hedeflerinize kavu\u015fmak i\u00e7in yol haritas\u0131n\u0131 olu\u015fturmakt\u0131r.\u00a0 Ayn\u0131 zamanda \u00e7al\u0131\u015fma size derin bir bilgelik, i\u00e7g\u00f6r\u00fc ve ayd\u0131nlanma kazand\u0131rmay\u0131 ama\u00e7lar.<\/p>\n<p><em>E\u011fer siz de hayat\u0131n\u0131zla ilgili y\u00fcksek bir i\u00e7g\u00f6r\u00fc ve bilgelik haritas\u0131 istiyorsan\u0131z, &#8220;G\u00f6ky\u00fcz\u00fc Bilgelik Kartlar\u0131&#8221; \u00c7al\u0131\u015fmas\u0131 i\u00e7in a\u015fa\u011f\u0131daki ileti\u015fim numaralar\u0131ndan randevu almay\u0131 unutmay\u0131n!<\/em><\/p>\n<p>0532-7163895<\/p>\n<p><strong>\u00a0<\/strong><\/p>\n<p><strong><em> <img loading=\"lazy\" decoding=\"async\" class=\" wp-image-2058 aligncenter\" src=\"https:\/\/www.duygusalarinma.com\/tr\/wp-content\/uploads\/Goksel-Yasam-Carki-calismasi-gorsel-300x214.jpg\" alt=\"\" width=\"382\" height=\"273\" srcset=\"https:\/\/www.duygusalarinma.com\/tr\/wp-content\/uploads\/Goksel-Yasam-Carki-calismasi-gorsel-300x214.jpg 300w, https:\/\/www.duygusalarinma.com\/tr\/wp-content\/uploads\/Goksel-Yasam-Carki-calismasi-gorsel-1024x732.jpg 1024w, https:\/\/www.duygusalarinma.com\/tr\/wp-content\/uploads\/Goksel-Yasam-Carki-calismasi-gorsel-768x549.jpg 768w, https:\/\/www.duygusalarinma.com\/tr\/wp-content\/uploads\/Goksel-Yasam-Carki-calismasi-gorsel-100x71.jpg 100w, https:\/\/www.duygusalarinma.com\/tr\/wp-content\/uploads\/Goksel-Yasam-Carki-calismasi-gorsel-1000x715.jpg 1000w, https:\/\/www.duygusalarinma.com\/tr\/wp-content\/uploads\/Goksel-Yasam-Carki-calismasi-gorsel.jpg 1125w\" sizes=\"auto, (max-width: 382px) 100vw, 382px\" \/><\/em><\/strong><\/p>\n<h5 style=\"text-align: center;\"><strong>G\u00d6KSEL YA\u015eAM \u00c7ARKI<\/strong><\/h5>\n<p><strong>\u00a0<\/strong><\/p>\n<p><strong>G\u00f6ksel Ya\u015fam \u00c7ark\u0131 <\/strong>\u00e7al\u0131\u015fmas\u0131, k\u00f6keni Atlantis, Lemurya gibi kadim uygarl\u0131klarda da kullan\u0131lan g\u00f6ksel haritalar ve semboller gibi belli sembolik bir sisteme dayanan, ki\u015finin kendi ya\u015fam\u0131nda sahip oldu\u011fu bir soruna, ya da yol g\u00f6stericili\u011fe ihtiyac\u0131 oldu\u011fu herhangi bir konuya y\u00f6nelik olarak, ki\u015fiyi belli ipu\u00e7lar\u0131n\u0131 birbiri ard\u0131na a\u00e7arak, ad\u0131m ad\u0131m \u00e7\u00f6z\u00fcme g\u00f6t\u00fcren, i\u00e7 g\u00f6r\u00fc sa\u011flayan y\u00fcksek enerjili bir bireysel \u00e7al\u0131\u015fmad\u0131r.<\/p>\n<p>\u00c7al\u0131\u015fma soru ve cevaplardan olu\u015fur. Kat\u0131l\u0131mc\u0131 ki\u015fi hangi konuda istiyorsa \u00e7al\u0131\u015fmaya bir soruyla kat\u0131l\u0131r. Bu soru, ya\u015fam\u0131ndaki \u00e7\u00f6zmek istedi\u011fi bir soruna, hayat\u0131nda yapmak istedi\u011fi bir de\u011fi\u015fikli\u011fe, ya da ya\u015fam\u0131n\u0131n tamam\u0131na y\u00f6nelik y\u00fckseli\u015fle ilgili bir yol g\u00f6stericilik ihtiyac\u0131na y\u00f6nelik olabilir.<\/p>\n<p>\u00c7al\u0131\u015fma s\u00fcrecinde kat\u0131l\u0131mc\u0131 ki\u015fi, \u00f6n\u00fcndeki 12 b\u00f6l\u00fcmden olu\u015fan g\u00f6ksel \u00e7ark haritas\u0131 \u00fczerinde sorusuna y\u00f6nelik olarak a\u00e7\u0131lan ipu\u00e7lar\u0131yla ve cevaplarla sonuca ve \u00e7\u00f6z\u00fcme do\u011fru ad\u0131m ad\u0131m ilerler. Son k\u0131s\u0131mda da ki\u015fi kendi sorusuyla ilgili desenini tamamlar ve cevab\u0131 netlikle g\u00f6rebilir.<\/p>\n<p>Zaman insanlar i\u00e7in lineer \u00e7al\u0131\u015f\u0131rken, evrensel zaman \u201can\u201dd\u0131r. Biz ya\u015fam\u0131m\u0131zda herhangi bir de\u011fi\u015fikli\u011fi asl\u0131nda an\u2019da ger\u00e7ekle\u015ftiririz ve o de\u011fi\u015fimin iz d\u00fc\u015f\u00fcm\u00fc insani zaman kavram\u0131yla gelecekte olacak gibi g\u00f6r\u00fcn\u00fcr. Oysa her \u015fey evrensel bir k\u00fcre gibi o an\u0131n i\u00e7inde ger\u00e7ekle\u015fmektedir.<\/p>\n<p><strong>G\u00f6ksel Ya\u015fam \u00c7ark\u0131<\/strong> \u00e7al\u0131\u015fmas\u0131nda ki\u015fi kendi ya\u015fam\u0131nda \u00e7\u00f6zmek ve de\u011fi\u015ftirmek istedi\u011fi \u015feyle, kendi konusuyla ilgili cevab\u0131n\u0131 ald\u0131\u011f\u0131nda, niyetiyle de\u011fi\u015fimi de o an ba\u015flatabilir.<\/p>\n<p>\u00c7al\u0131\u015fma s\u00fcreci i\u00e7erisinde kat\u0131l\u0131mc\u0131 ki\u015fi e\u011fer isterse, sorunun \u00e7\u00f6z\u00fcld\u00fc\u011f\u00fc potansiyel gelecekteki ana da bir k\u0131sa yolculuk ger\u00e7ekle\u015ftirip, o potansiyel gelecekteki kendi konusuyla ilgili yeni durumu vizyon \u015feklinde g\u00f6rebilir veya bili\u015fle alg\u0131layabilir.<\/p>\n<p><strong>G\u00f6ksel Ya\u015fam \u00c7ark\u0131<\/strong> \u00e7al\u0131\u015fmas\u0131 ki\u015filerin kendi ya\u015famlar\u0131nda \u00e7\u00f6zmek istedikleri konularla ilgili derin bir bilgelik ve i\u00e7 g\u00f6r\u00fc kazanmalar\u0131n\u0131, ve ya\u015famlar\u0131n\u0131 kolayla\u015ft\u0131racak cevaplar\u0131 bulmalar\u0131n\u0131 sa\u011flamaya y\u00f6nelik bir ki\u015fisel geli\u015fim \u00e7al\u0131\u015fmas\u0131d\u0131r. \u00c7al\u0131\u015fma s\u00fcresi 1-1.5 saattir.<\/p>\n<p><em>Siz de sorular\u0131n\u0131z\u0131n cevaplar\u0131n\u0131 g\u00f6ksel bir harita ile \u00e7\u00f6zmek ve sorular\u0131n\u0131za cevap bulmak isterseniz &#8220;G\u00f6ksel Ya\u015fam \u00c7ark\u0131&#8221; \u00c7al\u0131\u015fmas\u0131na kat\u0131l\u0131m i\u00e7in a\u015fa\u011f\u0131daki ileti\u015fim numaralar\u0131ndan randevu almay\u0131 unutmay\u0131n !\u00a0<\/em><\/p>\n<p>0532-7163895<\/p>\n<p><strong>\u00a0<\/strong><\/p>\n<p><strong>\u00a0<\/strong><\/p>\n<p><strong>\u00a0<\/strong><\/p>\n<p><strong>\u00a0<\/strong><\/p>\n<p><strong>\u00a0<\/strong><\/p>\n<p><em>\u00a0<\/em><\/p>\n<p><strong>\u00a0<\/strong><\/p>\n<p><strong>\u00a0<\/strong><\/p>\n<p><strong>\u00a0<\/strong><\/p>\n<p><strong>\u00a0<\/strong><\/p>\n<p><strong>\u00a0<\/strong><\/p>\n<p><strong>\u00a0<\/strong><\/p>\n<p><strong>\u00a0<\/strong><\/p>\n<p><strong>\u00a0<\/strong><\/p>\n","protected":false},"excerpt":{"rendered":"<p>ARALIK 2025 \u00a0 YEN\u0130 YILA \u00d6ZEL \u00c7ALI\u015eMA Her gelen y\u0131l, yeni potansiyelleriyle ve yepyeni enerjisiyle geliyor\u2026 Yeni bir y\u0131l, ya\u015fam\u0131n\u0131zda ger\u00e7ekle\u015ftirmek istedi\u011finiz hedeflerinizi, olmas\u0131n\u0131 istedi\u011finiz, arzular\u0131n\u0131z\u0131, niyetlerinizi ger\u00e7ekle\u015ftirmek i\u00e7in yepyeni bir ba\u015flang\u0131\u00e7 olabilir. Ki\u015fi hayat\u0131nda olmas\u0131n\u0131 arzu etti\u011fi, ya\u015fam\u0131nda ona mutluluk verecek g\u00fczel hedeflerini, niyetlerini ya\u015fam\u0131nda bazen ger\u00e7ekle\u015ftirirken, bu niyetleri yerini bulurken, bazen de bunlarla ilgili i\u00e7sel engeller koyabiliyor fark &#8230; <\/p>\n<div><a href=\"https:\/\/www.duygusalarinma.com\/tr\/aylik-seminer-programi\" class=\"more-link\">Read More<\/a><\/div>\n","protected":false},"author":1,"featured_media":0,"parent":0,"menu_order":0,"comment_status":"closed","ping_status":"open","template":"","meta":{"_monsterinsights_skip_tracking":false,"_monsterinsights_sitenote_active":false,"_monsterinsights_sitenote_note":"","_monsterinsights_sitenote_category":0,"footnotes":""},"class_list":["post-253","page","type-page","status-publish","hentry","no-post-thumbnail"],"aioseo_notices":[],"_links":{"self":[{"href":"https:\/\/www.duygusalarinma.com\/tr\/wp-json\/wp\/v2\/pages\/253","targetHints":{"allow":["GET"]}}],"collection":[{"href":"https:\/\/www.duygusalarinma.com\/tr\/wp-json\/wp\/v2\/pages"}],"about":[{"href":"https:\/\/www.duygusalarinma.com\/tr\/wp-json\/wp\/v2\/types\/page"}],"author":[{"embeddable":true,"href":"https:\/\/www.duygusalarinma.com\/tr\/wp-json\/wp\/v2\/users\/1"}],"replies":[{"embeddable":true,"href":"https:\/\/www.duygusalarinma.com\/tr\/wp-json\/wp\/v2\/comments?post=253"}],"version-history":[{"count":542,"href":"https:\/\/www.duygusalarinma.com\/tr\/wp-json\/wp\/v2\/pages\/253\/revisions"}],"predecessor-version":[{"id":2110,"href":"https:\/\/www.duygusalarinma.com\/tr\/wp-json\/wp\/v2\/pages\/253\/revisions\/2110"}],"wp:attachment":[{"href":"https:\/\/www.duygusalarinma.com\/tr\/wp-json\/wp\/v2\/media?parent=253"}],"curies":[{"name":"wp","href":"https:\/\/api.w.org\/{rel}","templated":true}]}}