{"id":82,"date":"2011-11-11T10:18:46","date_gmt":"2011-11-11T07:18:46","guid":{"rendered":"http:\/\/www.kapkare.com\/duygusalarinma\/tr\/?page_id=82"},"modified":"2012-09-03T22:42:29","modified_gmt":"2012-09-03T19:42:29","slug":"reiki-egitimi-reiki-1-derece-egitimi-reiki-2-derece-egitimi-reiki-master-egitimi","status":"publish","type":"page","link":"https:\/\/www.duygusalarinma.com\/tr\/reiki-egitimi-reiki-1-derece-egitimi-reiki-2-derece-egitimi-reiki-master-egitimi","title":{"rendered":"Reiki E\u011fitimi"},"content":{"rendered":"<p><img loading=\"lazy\" decoding=\"async\" class=\"imgfloatr\" style=\"border: 1px solid black;\" src=\"https:\/\/www.duygusalarinma.com\/tr\/wp-content\/uploads\/2012\/04\/reiki.jpg\" alt=\"reiki-egitimi\" width=\"303\" height=\"600\" \/><br \/>Reiki (Evrensel \u015eifa Enerjisi),\u00a0 k\u00f6keni binlerce y\u0131l \u00f6ncesine, Atlantis ve Tibet gibi kadim uygarl\u0131klara dayanan, ellerle kendine ve ba\u015fkalar\u0131na \u015fifa verme y\u00f6ntemidir. Hastal\u0131klar\u0131 \u00f6nleme, \u015fifa, huzur ve ayd\u0131nl\u0131k i\u00e7in sevgi dolu bir yoldur. Reiki e\u011fitimlerini grup ya da bireysel olarak alabilirsiniz.<\/p>\n<p>REI ve KI s\u00f6zc\u00fcklerinin birle\u015fiminden olu\u015fan Reiki sozcugu \u201cEvrensel Ya\u015fam Enerjisi\u201d anlam\u0131na gelmektedir.<\/p>\n<p>Reiki Master (\u00dcstat \/ \u00d6\u011fretmen) taraf\u0131ndan uyumlama (el verme \/ inisiyasyon) yoluyla ki\u015filer Reiki kullan\u0131m\u0131na a\u00e7\u0131k hale gelir. Bunu bir antenin o frekans\u0131 \u00e7ekecek hale getirilmesine benzetebiliriz.<\/p>\n<p>Geleneksel Reiki E\u011fitimi \u00fc\u00e7 seviyede \u00f6\u011frenilmektedir:<\/p>\n<p>Birinci Derece Reiki, \u0130kinci Derece Reiki ve Master \/ \u00d6\u011fretmenlik seviyesi\u2026<\/p>\n<p><span style=\"font-size: medium;\"><strong><span style=\"text-decoration: underline;\">Birinci Derece Reiki E\u011fitimi:<\/span><\/strong><\/span><\/p>\n<p>Birinci Derece Reiki E\u011fitiminin i\u00e7eri\u011fi \u015funlar\u0131 kapsamaktad\u0131r:<\/p>\n<ul>\n<li>Reiki\u2019ye giri\u015f<\/li>\n<li>Reiki\u2019nin tarih\u00e7esi<\/li>\n<li>Enerji olarak insan bedeni<\/li>\n<li>\u00c7akralar<\/li>\n<li>Ellerle kendine ve ba\u015fkalar\u0131na Reiki \u015fifas\u0131 nas\u0131l uygulan\u0131r<\/li>\n<li>\u00a0\u00c7akra temizleme ve \u00e7akra dengeleme terapisi<\/li>\n<li>Uyumlama<\/li>\n<\/ul>\n<p>(E\u011fitim sonunda ki\u015filer Reiki birinci derece uyumlamas\u0131 alarak Reiki enerjisine a\u00e7\u0131l\u0131rlar.)<\/p>\n<ul>\n<li>Birinci Derece Reiki E\u011fitimi bir g\u00fcnl\u00fck bir e\u011fitimdir.<\/li>\n<\/ul>\n<p><span style=\"font-size: medium;\"><strong><span style=\"text-decoration: underline;\">\u0130kinci Derece Reiki E\u011fitimi:<\/span><\/strong><\/span><\/p>\n<p>\u0130kinci Derece Reiki E\u011fitiminin i\u00e7eri\u011fi \u015funlar\u0131 kapsamaktad\u0131r:<\/p>\n<ul>\n<li>Reiki\u2019nin ki\u015fiye ve \u00e7evresindekilere ve g\u00fcnl\u00fck ya\u015fama uygulanmas\u0131<\/li>\n<li>Reiki Sembollerinin \u00f6\u011fretilmesi<\/li>\n<\/ul>\n<p>\u00c7e\u015fitli ama\u00e7larla kullan\u0131lan (dileklerin, niyetlerin ger\u00e7ekle\u015fmesi, enerjetik bedende temizleme gibi) 3 Reiki sembol\u00fcn\u00fcn \u00f6\u011fretilmesi<\/p>\n<ul>\n<li>Reiki ikinci derecede ki\u015finin Reiki frekans\u0131 y\u00fckseltilir ve ki\u015fi Reiki sembollerine uyumlanarak sembolleri kullanabilir hale gelir<\/li>\n<li>Uyumlama<\/li>\n<li>\u0130kinci Derece Reiki E\u011fitimi bir g\u00fcnl\u00fck bir e\u011fitimdir<\/li>\n<\/ul>\n<p><span style=\"font-size: medium;\"><img loading=\"lazy\" decoding=\"async\" class=\"imgfloatr\" style=\"border: 1px solid black;\" src=\"https:\/\/www.duygusalarinma.com\/tr\/wp-content\/uploads\/2012\/04\/reiki-light-in-hands.jpg\" alt=\"reiki-e\u011fitimi\" width=\"280\" height=\"192\" \/>\u00a0<\/span><\/p>\n<p><span style=\"font-size: medium;\"><strong><span style=\"text-decoration: underline;\">Reiki Masterl\u0131k E\u011fitimi:\u00a0 <\/span><\/strong><\/span><\/p>\n<p>Reiki Masterl\u0131k E\u011fitimi i\u00e7eri\u011fi \u015funlar\u0131 kapsamaktad\u0131r:<\/p>\n<ul>\n<li>Reiki Masterl\u0131k seviyesi e\u011fitiminde ki\u015filer art\u0131k Reiki\u2019nin son seviye e\u011fitimini tamamlarlar ve enerjileri y\u00fckseltilir.<\/li>\n<li>Reiki Masterl\u0131k e\u011fitimi alan ki\u015filer art\u0131k Reiki \u00f6\u011fretmeni olabilir ve ba\u015fkalar\u0131na Reiki e\u011fitimi verebilirler.<\/li>\n<li>Reiki Masterl\u0131k E\u011fitiminde ki\u015filer Masterl\u0131k sembollerini \u00f6\u011frenirler, enerjileri bu sembollere uyumlan\u0131r ve sembolleri kullanabilir hale gelirler<\/li>\n<li>Reiki Masterl\u0131k E\u011fitimi bir g\u00fcnl\u00fck bir e\u011fitimdir<\/li>\n<\/ul>\n<p><span style=\"font-size: medium;\"><strong>Reiki ile ilgili \u00f6nemli noktalar:<\/strong><\/span><\/p>\n<ul>\n<li>Reiki bir din de\u011fildir, ruhsal ayd\u0131nlanma ve \u015fifa y\u00f6ntemidir.<\/li>\n<li>Reiki enerjisi \u0131\u015f\u0131k ve sevgidir<\/li>\n<li>Reiki yaln\u0131z iyilik i\u00e7in kullan\u0131labilir<\/li>\n<li>Reiki ruhsal ayd\u0131\u0131nlanmay\u0131 h\u0131zland\u0131r\u0131r<\/li>\n<li>Reiki Enerjisi her zaman her yerde kullan\u0131labilir<\/li>\n<\/ul>\n<p>Reiki E\u011fitimleri i\u00e7in randevu alabilirsiniz.<\/p>\n","protected":false},"excerpt":{"rendered":"<p>Reiki (Evrensel \u015eifa Enerjisi),\u00a0 k\u00f6keni binlerce y\u0131l \u00f6ncesine, Atlantis ve Tibet gibi kadim uygarl\u0131klara dayanan, ellerle kendine ve ba\u015fkalar\u0131na \u015fifa verme y\u00f6ntemidir. Hastal\u0131klar\u0131 \u00f6nleme, \u015fifa, huzur ve ayd\u0131nl\u0131k i\u00e7in sevgi dolu bir yoldur. Reiki e\u011fitimlerini grup ya da bireysel olarak alabilirsiniz. REI ve KI s\u00f6zc\u00fcklerinin birle\u015fiminden olu\u015fan Reiki sozcugu \u201cEvrensel Ya\u015fam Enerjisi\u201d anlam\u0131na gelmektedir. Reiki Master (\u00dcstat \/ \u00d6\u011fretmen) taraf\u0131ndan &#8230; <\/p>\n<div><a href=\"https:\/\/www.duygusalarinma.com\/tr\/reiki-egitimi-reiki-1-derece-egitimi-reiki-2-derece-egitimi-reiki-master-egitimi\" class=\"more-link\">Read More<\/a><\/div>\n","protected":false},"author":1,"featured_media":0,"parent":0,"menu_order":0,"comment_status":"closed","ping_status":"open","template":"","meta":{"_monsterinsights_skip_tracking":false,"_monsterinsights_sitenote_active":false,"_monsterinsights_sitenote_note":"","_monsterinsights_sitenote_category":0,"footnotes":""},"class_list":["post-82","page","type-page","status-publish","hentry","no-post-thumbnail"],"aioseo_notices":[],"_links":{"self":[{"href":"https:\/\/www.duygusalarinma.com\/tr\/wp-json\/wp\/v2\/pages\/82","targetHints":{"allow":["GET"]}}],"collection":[{"href":"https:\/\/www.duygusalarinma.com\/tr\/wp-json\/wp\/v2\/pages"}],"about":[{"href":"https:\/\/www.duygusalarinma.com\/tr\/wp-json\/wp\/v2\/types\/page"}],"author":[{"embeddable":true,"href":"https:\/\/www.duygusalarinma.com\/tr\/wp-json\/wp\/v2\/users\/1"}],"replies":[{"embeddable":true,"href":"https:\/\/www.duygusalarinma.com\/tr\/wp-json\/wp\/v2\/comments?post=82"}],"version-history":[{"count":15,"href":"https:\/\/www.duygusalarinma.com\/tr\/wp-json\/wp\/v2\/pages\/82\/revisions"}],"predecessor-version":[{"id":682,"href":"https:\/\/www.duygusalarinma.com\/tr\/wp-json\/wp\/v2\/pages\/82\/revisions\/682"}],"wp:attachment":[{"href":"https:\/\/www.duygusalarinma.com\/tr\/wp-json\/wp\/v2\/media?parent=82"}],"curies":[{"name":"wp","href":"https:\/\/api.w.org\/{rel}","templated":true}]}}