{"id":91,"date":"2011-11-11T10:22:16","date_gmt":"2011-11-11T07:22:16","guid":{"rendered":"http:\/\/www.kapkare.com\/duygusalarinma\/tr\/?page_id=91"},"modified":"2012-09-03T22:23:37","modified_gmt":"2012-09-03T19:23:37","slug":"ozbenlikle-rehberlik-calismasi","status":"publish","type":"page","link":"https:\/\/www.duygusalarinma.com\/tr\/ozbenlikle-rehberlik-calismasi","title":{"rendered":"\u00d6zbenlikle Rehberlik \u00c7al\u0131\u015fmas\u0131"},"content":{"rendered":"<p>&nbsp;<\/p>\n<p><img loading=\"lazy\" decoding=\"async\" class=\"imgfloat\" style=\"border: 1px solid black;\" src=\"https:\/\/www.duygusalarinma.com\/tr\/wp-content\/uploads\/2012\/04\/ozbenlikle-rehberlik.jpg\" alt=\"\u00f6zbenlikle-rehberlik\" width=\"300\" height=\"239\" \/><\/p>\n<p>Yakla\u015f\u0131k 1-1.5 saat s\u00fcren, ki\u015fiye \u00f6zel bir \u00e7al\u0131\u015fmad\u0131r.<br \/> Y\u00fckseli\u015f yolunda ilerlerken, herhangi bir konuda rehberli\u011fe ihtiya\u00e7 duyanlar\u0131n, sorunlar\u0131n\u0131n \u00e7\u00f6z\u00fcm yollar\u0131n\u0131, sorular\u0131n\u0131n cevaplar\u0131n\u0131 \u0131\u015f\u0131k ve sevgiyle bulabilmeleri ve g\u00f6rebilmeleri i\u00e7in yol g\u00f6steren \u00e7al\u0131\u015fmad\u0131r.<\/p>\n<p>Bu \u00e7al\u0131\u015fmada <strong>\u0130LAH\u0130 REHBERL\u0130K<\/strong> \u00f6\u011fretilmektedir.<br \/> I\u015f\u0131k ve sevgiyle yap\u0131lan se\u00e7imler yaln\u0131zca \u0131\u015f\u0131k ve sevgi olan yani huzur, mutluluk, ne\u015fe, g\u00fczellikler getiren sonu\u00e7lar yarat\u0131r.<br \/> Ki\u015fi se\u00e7imlerini bu \u015fekilde yapt\u0131\u011f\u0131nda ya\u015fam\u0131nda da daima huzuru, ne\u015feyi, sevgiyi, mutlulu\u011fu ve g\u00fczellikleri deneyimler.<br \/> \u00d6zbenlikle Rehberlik \u00c7al\u0131\u015fmas\u0131 ya\u015fam yolunda y\u00fcr\u00fcrken, ki\u015finin \u0131\u015f\u0131k ve sevgiyle yolunu g\u00f6rebilmesi ve se\u00e7imlerini \u0131\u015f\u0131k ve sevgiyle yapabilmesi i\u00e7in yol g\u00f6sterici \u00e7al\u0131\u015fmad\u0131r.<br \/> \u00d6zbenlikle Rehberlik \u00c7al\u0131\u015fmas\u0131\u2019na kat\u0131l\u0131m i\u00e7in randevu alabilirsiniz.<\/p>\n<p>&nbsp;<\/p>\n<p>&nbsp;<\/p>\n<p>&nbsp;<\/p>\n","protected":false},"excerpt":{"rendered":"<p>&nbsp; Yakla\u015f\u0131k 1-1.5 saat s\u00fcren, ki\u015fiye \u00f6zel bir \u00e7al\u0131\u015fmad\u0131r. Y\u00fckseli\u015f yolunda ilerlerken, herhangi bir konuda rehberli\u011fe ihtiya\u00e7 duyanlar\u0131n, sorunlar\u0131n\u0131n \u00e7\u00f6z\u00fcm yollar\u0131n\u0131, sorular\u0131n\u0131n cevaplar\u0131n\u0131 \u0131\u015f\u0131k ve sevgiyle bulabilmeleri ve g\u00f6rebilmeleri i\u00e7in yol g\u00f6steren \u00e7al\u0131\u015fmad\u0131r. Bu \u00e7al\u0131\u015fmada \u0130LAH\u0130 REHBERL\u0130K \u00f6\u011fretilmektedir. I\u015f\u0131k ve sevgiyle yap\u0131lan se\u00e7imler yaln\u0131zca \u0131\u015f\u0131k ve sevgi olan yani huzur, mutluluk, ne\u015fe, g\u00fczellikler getiren sonu\u00e7lar yarat\u0131r. Ki\u015fi se\u00e7imlerini bu \u015fekilde &#8230; <\/p>\n<div><a href=\"https:\/\/www.duygusalarinma.com\/tr\/ozbenlikle-rehberlik-calismasi\" class=\"more-link\">Read More<\/a><\/div>\n","protected":false},"author":1,"featured_media":0,"parent":0,"menu_order":0,"comment_status":"closed","ping_status":"open","template":"","meta":{"_monsterinsights_skip_tracking":false,"_monsterinsights_sitenote_active":false,"_monsterinsights_sitenote_note":"","_monsterinsights_sitenote_category":0,"footnotes":""},"class_list":["post-91","page","type-page","status-publish","hentry","no-post-thumbnail"],"aioseo_notices":[],"_links":{"self":[{"href":"https:\/\/www.duygusalarinma.com\/tr\/wp-json\/wp\/v2\/pages\/91","targetHints":{"allow":["GET"]}}],"collection":[{"href":"https:\/\/www.duygusalarinma.com\/tr\/wp-json\/wp\/v2\/pages"}],"about":[{"href":"https:\/\/www.duygusalarinma.com\/tr\/wp-json\/wp\/v2\/types\/page"}],"author":[{"embeddable":true,"href":"https:\/\/www.duygusalarinma.com\/tr\/wp-json\/wp\/v2\/users\/1"}],"replies":[{"embeddable":true,"href":"https:\/\/www.duygusalarinma.com\/tr\/wp-json\/wp\/v2\/comments?post=91"}],"version-history":[{"count":17,"href":"https:\/\/www.duygusalarinma.com\/tr\/wp-json\/wp\/v2\/pages\/91\/revisions"}],"predecessor-version":[{"id":676,"href":"https:\/\/www.duygusalarinma.com\/tr\/wp-json\/wp\/v2\/pages\/91\/revisions\/676"}],"wp:attachment":[{"href":"https:\/\/www.duygusalarinma.com\/tr\/wp-json\/wp\/v2\/media?parent=91"}],"curies":[{"name":"wp","href":"https:\/\/api.w.org\/{rel}","templated":true}]}}